{"id":769,"date":"2025-12-17T16:38:18","date_gmt":"2025-12-17T19:38:18","guid":{"rendered":"https:\/\/www.aularecords.cl\/\/?page_id=769"},"modified":"2025-12-17T16:38:18","modified_gmt":"2025-12-17T19:38:18","slug":"paz-bustamante","status":"publish","type":"page","link":"https:\/\/www.aularecords.cl\/artistas\/artistas-visuales\/paz-bustamante\/","title":{"rendered":"PAZ BUSTAMANTE"},"content":{"rendered":"\n<div class=\"wp-block-group\"><div class=\"wp-block-group__inner-container is-layout-constrained wp-block-group-is-layout-constrained\">\n<div class=\"wp-block-media-text is-stacked-on-mobile artista-single\">\n<figure class=\"wp-block-media-text__media\"><img loading=\"lazy\" decoding=\"async\" class=\"alignnone wp-image-772 size-medium\" src=\"https:\/\/www.aularecords.cl\/\/wp-content\/uploads\/2025\/12\/PAZ-BUSTAMANTE-e1766000272996-1000x1000.jpeg\" alt=\"\" width=\"1000\" height=\"1000\" \/><\/figure>\n<div class=\"wp-block-media-text__content\">\n<h3 class=\"wp-block-heading\">PAZ BUSTAMANTE<\/h3>\n<p><strong>San Vicente de Tagua Tagua, 1983<\/strong><\/p>\n<p><strong>\n<\/strong><\/p>\n<p>Trabajadora social y artista visual, dedicada al arte, el dise\u00f1o y la experimentaci\u00f3n textil. Su recorrido profesional cruza la mirada social con la creaci\u00f3n art\u00edstica, entendiendo el dise\u00f1o como una pr\u00e1ctica situada, sensible y con sentido humano. Es la creadora de Tetrapunk, un proyecto de indumentaria de autor que se desarrolla desde t\u00e9cnicas manuales como el marmolado y la intervenci\u00f3n textil, donde cada prenda es concebida como una pieza \u00fanica. Su trabajo pone en valor los procesos artesanales, la producci\u00f3n consciente y la identidad, alej\u00e1ndose de la l\u00f3gica industrial y seriada. Desde Tetrapunk, explora el v\u00ednculo entre cuerpo, materia y expresi\u00f3n, integrando experiencia social, oficio y est\u00e9tica contempor\u00e1nea en una propuesta que une arte, dise\u00f1o y territorio.<\/p>\n<p><span style=\"font-size: 10pt;\">Foto: Archivo.<\/span><\/p>\n<\/div>\n<\/div>\n<\/div><\/div>\n","protected":false},"excerpt":{"rendered":"<p>PAZ BUSTAMANTE San Vicente de Tagua Tagua, 1983 Trabajadora social y artista visual, dedicada al arte, el dise\u00f1o y la experimentaci\u00f3n textil. Su recorrido profesional cruza la mirada social con la creaci\u00f3n art\u00edstica, entendiendo el dise\u00f1o como una pr\u00e1ctica situada, sensible y con sentido humano. Es la creadora de Tetrapunk, un proyecto de indumentaria de [&hellip;]<\/p>\n","protected":false},"author":1,"featured_media":772,"parent":126,"menu_order":62,"comment_status":"closed","ping_status":"closed","template":"","meta":{"footnotes":""},"class_list":["post-769","page","type-page","status-publish","has-post-thumbnail","hentry"],"_links":{"self":[{"href":"https:\/\/www.aularecords.cl\/wp-json\/wp\/v2\/pages\/769","targetHints":{"allow":["GET"]}}],"collection":[{"href":"https:\/\/www.aularecords.cl\/wp-json\/wp\/v2\/pages"}],"about":[{"href":"https:\/\/www.aularecords.cl\/wp-json\/wp\/v2\/types\/page"}],"author":[{"embeddable":true,"href":"https:\/\/www.aularecords.cl\/wp-json\/wp\/v2\/users\/1"}],"replies":[{"embeddable":true,"href":"https:\/\/www.aularecords.cl\/wp-json\/wp\/v2\/comments?post=769"}],"version-history":[{"count":0,"href":"https:\/\/www.aularecords.cl\/wp-json\/wp\/v2\/pages\/769\/revisions"}],"up":[{"embeddable":true,"href":"https:\/\/www.aularecords.cl\/wp-json\/wp\/v2\/pages\/126"}],"wp:featuredmedia":[{"embeddable":true,"href":"https:\/\/www.aularecords.cl\/wp-json\/wp\/v2\/media\/772"}],"wp:attachment":[{"href":"https:\/\/www.aularecords.cl\/wp-json\/wp\/v2\/media?parent=769"}],"curies":[{"name":"wp","href":"https:\/\/api.w.org\/{rel}","templated":true}]}}