{"id":691,"date":"2025-12-15T17:27:45","date_gmt":"2025-12-15T20:27:45","guid":{"rendered":"https:\/\/www.aularecords.cl\/\/?page_id=691"},"modified":"2025-12-15T17:27:45","modified_gmt":"2025-12-15T20:27:45","slug":"a-full-cosmic-sound","status":"publish","type":"page","link":"https:\/\/www.aularecords.cl\/artistas\/compositores\/a-full-cosmic-sound\/","title":{"rendered":"A FULL COSMIC SOUND"},"content":{"rendered":"\n<div class=\"wp-block-group\"><div class=\"wp-block-group__inner-container is-layout-constrained wp-block-group-is-layout-constrained\">\n<div class=\"wp-block-media-text is-stacked-on-mobile artista-single\">\n<figure class=\"wp-block-media-text__media\"><img loading=\"lazy\" decoding=\"async\" class=\"alignnone wp-image-692 size-medium\" src=\"https:\/\/www.aularecords.cl\/\/wp-content\/uploads\/2025\/12\/484868178_4137608413140125_3440250452212598859_n-1000x667.jpeg\" alt=\"\" width=\"1000\" height=\"667\" \/><\/figure>\n<div class=\"wp-block-media-text__content\">\n<h3 class=\"wp-block-heading\">A FULL COSMIC SOUND<\/h3>\n<p><strong>\n<\/strong><\/p>\n<p>Con m\u00e1s de 15 a\u00f1os de trayectoria, numerosos discos editados y una formaci\u00f3n estable desde el a\u00f1o 2012, A Full Cosmic Sound desarrolla frecuencias y drones repetitivos a trav\u00e9s de teclados, sintetizadores, guitarras, bajo y efectos m\u00faltiples armon\u00edas. Por momentos, su sonido evoca las exploraciones r\u00edtmicas y deconstructivas de bandas locales como Los Jaivas,\u00a0 ciertos pasajes ambientales de Popol Vuh, exploraciones sicol\u00f3gicas y sonoras de Throbbing Gristle, Sonic Youth y Experimental Audio Research, adem\u00e1s de los ecos de la ajetreada investigaci\u00f3n del paisaje sonoro urbano de Chile.<\/p>\n<p><span style=\"font-size: 10pt;\">Foto: Mila Bel\u00e9n.<\/span><\/p>\n<\/div>\n<\/div>\n<\/div><\/div>\n","protected":false},"excerpt":{"rendered":"<p>A FULL COSMIC SOUND Con m\u00e1s de 15 a\u00f1os de trayectoria, numerosos discos editados y una formaci\u00f3n estable desde el a\u00f1o 2012, A Full Cosmic Sound desarrolla frecuencias y drones repetitivos a trav\u00e9s de teclados, sintetizadores, guitarras, bajo y efectos m\u00faltiples armon\u00edas. Por momentos, su sonido evoca las exploraciones r\u00edtmicas y deconstructivas de bandas locales [&hellip;]<\/p>\n","protected":false},"author":1,"featured_media":692,"parent":122,"menu_order":26,"comment_status":"closed","ping_status":"closed","template":"","meta":{"footnotes":""},"class_list":["post-691","page","type-page","status-publish","has-post-thumbnail","hentry"],"_links":{"self":[{"href":"https:\/\/www.aularecords.cl\/wp-json\/wp\/v2\/pages\/691","targetHints":{"allow":["GET"]}}],"collection":[{"href":"https:\/\/www.aularecords.cl\/wp-json\/wp\/v2\/pages"}],"about":[{"href":"https:\/\/www.aularecords.cl\/wp-json\/wp\/v2\/types\/page"}],"author":[{"embeddable":true,"href":"https:\/\/www.aularecords.cl\/wp-json\/wp\/v2\/users\/1"}],"replies":[{"embeddable":true,"href":"https:\/\/www.aularecords.cl\/wp-json\/wp\/v2\/comments?post=691"}],"version-history":[{"count":0,"href":"https:\/\/www.aularecords.cl\/wp-json\/wp\/v2\/pages\/691\/revisions"}],"up":[{"embeddable":true,"href":"https:\/\/www.aularecords.cl\/wp-json\/wp\/v2\/pages\/122"}],"wp:featuredmedia":[{"embeddable":true,"href":"https:\/\/www.aularecords.cl\/wp-json\/wp\/v2\/media\/692"}],"wp:attachment":[{"href":"https:\/\/www.aularecords.cl\/wp-json\/wp\/v2\/media?parent=691"}],"curies":[{"name":"wp","href":"https:\/\/api.w.org\/{rel}","templated":true}]}}