{"id":674,"date":"2025-12-15T16:47:29","date_gmt":"2025-12-15T19:47:29","guid":{"rendered":"https:\/\/www.aularecords.cl\/\/?page_id=674"},"modified":"2025-12-15T16:47:29","modified_gmt":"2025-12-15T19:47:29","slug":"santiago-caruso","status":"publish","type":"page","link":"https:\/\/www.aularecords.cl\/artistas\/artistas-visuales\/santiago-caruso\/","title":{"rendered":"SANTIAGO CARUSO"},"content":{"rendered":"\n<div class=\"wp-block-group\"><div class=\"wp-block-group__inner-container is-layout-constrained wp-block-group-is-layout-constrained\">\n<div class=\"wp-block-media-text is-stacked-on-mobile artista-single\">\n<figure class=\"wp-block-media-text__media\"><img loading=\"lazy\" decoding=\"async\" class=\"alignnone wp-image-687 size-medium\" src=\"https:\/\/www.aularecords.cl\/\/wp-content\/uploads\/2025\/12\/santiago-caruso-e1765827856647-1000x1000.jpeg\" alt=\"\" width=\"1000\" height=\"1000\" \/><\/figure>\n<div class=\"wp-block-media-text__content\">\n<h3 class=\"wp-block-heading\">SANTIAGO CARUSO<\/h3>\n<p><strong>Quilmes (Argentina), 1982<\/strong><\/p>\n<p><strong>\n<\/strong><\/p>\n<p><span style=\"font-weight: 400;\">Santiago Caruso es un artista que cultiva un lenguaje arraigado en la est\u00e9tica simbolista, cuyo trabajo se ha exhibido en Argentina, Estados Unidos, Reino Unido, Eslovaquia, Brasil, M\u00e9xico y Espa\u00f1a. Ha trabajado en portadas de libros para Tartarus Press, Actes Sud, Planeta, Sudamericana y P\u00e1ginas de Espuma y en discos para diversas bandas de Am\u00e9rica y Europa. Tambi\u00e9n ha impulsado ciclos de improvisaci\u00f3n pict\u00f3rica en vivo, interactuando con m\u00fasica y prosa y poes\u00eda recitadas. Es fundador de Arte es \u00c9tica, colectivo que promueve una regulaci\u00f3n eficaz de la inteligencia artificial. <\/span><\/p>\n<p><span style=\"font-size: 10pt;\">Foto: Mila Bel\u00e9n.<\/span><\/p>\n<\/div>\n<\/div>\n<\/div><\/div>\n","protected":false},"excerpt":{"rendered":"<p>SANTIAGO CARUSO Quilmes (Argentina), 1982 Santiago Caruso es un artista que cultiva un lenguaje arraigado en la est\u00e9tica simbolista, cuyo trabajo se ha exhibido en Argentina, Estados Unidos, Reino Unido, Eslovaquia, Brasil, M\u00e9xico y Espa\u00f1a. Ha trabajado en portadas de libros para Tartarus Press, Actes Sud, Planeta, Sudamericana y P\u00e1ginas de Espuma y en discos [&hellip;]<\/p>\n","protected":false},"author":1,"featured_media":687,"parent":126,"menu_order":63,"comment_status":"closed","ping_status":"closed","template":"","meta":{"footnotes":""},"class_list":["post-674","page","type-page","status-publish","has-post-thumbnail","hentry"],"_links":{"self":[{"href":"https:\/\/www.aularecords.cl\/wp-json\/wp\/v2\/pages\/674","targetHints":{"allow":["GET"]}}],"collection":[{"href":"https:\/\/www.aularecords.cl\/wp-json\/wp\/v2\/pages"}],"about":[{"href":"https:\/\/www.aularecords.cl\/wp-json\/wp\/v2\/types\/page"}],"author":[{"embeddable":true,"href":"https:\/\/www.aularecords.cl\/wp-json\/wp\/v2\/users\/1"}],"replies":[{"embeddable":true,"href":"https:\/\/www.aularecords.cl\/wp-json\/wp\/v2\/comments?post=674"}],"version-history":[{"count":0,"href":"https:\/\/www.aularecords.cl\/wp-json\/wp\/v2\/pages\/674\/revisions"}],"up":[{"embeddable":true,"href":"https:\/\/www.aularecords.cl\/wp-json\/wp\/v2\/pages\/126"}],"wp:featuredmedia":[{"embeddable":true,"href":"https:\/\/www.aularecords.cl\/wp-json\/wp\/v2\/media\/687"}],"wp:attachment":[{"href":"https:\/\/www.aularecords.cl\/wp-json\/wp\/v2\/media?parent=674"}],"curies":[{"name":"wp","href":"https:\/\/api.w.org\/{rel}","templated":true}]}}