{"id":665,"date":"2025-12-11T17:39:30","date_gmt":"2025-12-11T20:39:30","guid":{"rendered":"https:\/\/www.aularecords.cl\/\/?page_id=665"},"modified":"2025-12-11T17:39:30","modified_gmt":"2025-12-11T20:39:30","slug":"pablo-echaurren","status":"publish","type":"page","link":"https:\/\/www.aularecords.cl\/artistas\/artistas-visuales\/pablo-echaurren\/","title":{"rendered":"PABLO ECHAURREN"},"content":{"rendered":"\n<div class=\"wp-block-group\"><div class=\"wp-block-group__inner-container is-layout-constrained wp-block-group-is-layout-constrained\">\n<div class=\"wp-block-media-text is-stacked-on-mobile artista-single\">\n<figure class=\"wp-block-media-text__media\"><img loading=\"lazy\" decoding=\"async\" class=\"alignnone wp-image-566 size-medium\" src=\"https:\/\/www.aularecords.cl\/\/wp-content\/uploads\/2025\/12\/AR022-Pablo-Echaurren-scaled-e1765485556262-1000x1000.jpg\" alt=\"\" width=\"1000\" height=\"1000\" \/><\/figure>\n<div class=\"wp-block-media-text__content\">\n<h3 class=\"wp-block-heading\">PABLO ECHAURREN<\/h3>\n<p><strong>Roma (Italia), 1951<\/strong><\/p>\n<p><strong>\n<\/strong><\/p>\n<p><span style=\"font-weight: 400;\">Pintor y escritor italiano, hijo del artista chileno Roberto Matta y la actriz italiana \u00c1ngela Faranda. Ha expuesto su trabajo en Berl\u00edn, Z\u00farich, Par\u00eds, Londres, Nueva York y Filadelfia. Tambi\u00e9n ha colaborado en libros, revistas y numerosas publicaciones. Cre\u00f3 la car\u00e1tula de la antolog\u00eda de <\/span><i><span style=\"font-weight: 400;\">M\u00fasica imaginada<\/span><\/i><span style=\"font-weight: 400;\"> (AR022), de Horacio Salinas, en acuarela sobre papel.<\/span><\/p>\n<p><span style=\"font-size: 10pt;\">Foto: Claudia Salaris.<\/span><\/p>\n<\/div>\n<\/div>\n<\/div><\/div>\n","protected":false},"excerpt":{"rendered":"<p>PABLO ECHAURREN Roma (Italia), 1951 Pintor y escritor italiano, hijo del artista chileno Roberto Matta y la actriz italiana \u00c1ngela Faranda. Ha expuesto su trabajo en Berl\u00edn, Z\u00farich, Par\u00eds, Londres, Nueva York y Filadelfia. Tambi\u00e9n ha colaborado en libros, revistas y numerosas publicaciones. Cre\u00f3 la car\u00e1tula de la antolog\u00eda de M\u00fasica imaginada (AR022), de Horacio [&hellip;]<\/p>\n","protected":false},"author":1,"featured_media":566,"parent":126,"menu_order":59,"comment_status":"closed","ping_status":"closed","template":"","meta":{"footnotes":""},"class_list":["post-665","page","type-page","status-publish","has-post-thumbnail","hentry"],"_links":{"self":[{"href":"https:\/\/www.aularecords.cl\/wp-json\/wp\/v2\/pages\/665","targetHints":{"allow":["GET"]}}],"collection":[{"href":"https:\/\/www.aularecords.cl\/wp-json\/wp\/v2\/pages"}],"about":[{"href":"https:\/\/www.aularecords.cl\/wp-json\/wp\/v2\/types\/page"}],"author":[{"embeddable":true,"href":"https:\/\/www.aularecords.cl\/wp-json\/wp\/v2\/users\/1"}],"replies":[{"embeddable":true,"href":"https:\/\/www.aularecords.cl\/wp-json\/wp\/v2\/comments?post=665"}],"version-history":[{"count":0,"href":"https:\/\/www.aularecords.cl\/wp-json\/wp\/v2\/pages\/665\/revisions"}],"up":[{"embeddable":true,"href":"https:\/\/www.aularecords.cl\/wp-json\/wp\/v2\/pages\/126"}],"wp:featuredmedia":[{"embeddable":true,"href":"https:\/\/www.aularecords.cl\/wp-json\/wp\/v2\/media\/566"}],"wp:attachment":[{"href":"https:\/\/www.aularecords.cl\/wp-json\/wp\/v2\/media?parent=665"}],"curies":[{"name":"wp","href":"https:\/\/api.w.org\/{rel}","templated":true}]}}