{"id":649,"date":"2025-12-11T17:29:08","date_gmt":"2025-12-11T20:29:08","guid":{"rendered":"https:\/\/www.aularecords.cl\/\/?page_id=649"},"modified":"2025-12-11T17:29:08","modified_gmt":"2025-12-11T20:29:08","slug":"retablos-la-fuente","status":"publish","type":"page","link":"https:\/\/www.aularecords.cl\/artistas\/artistas-visuales\/retablos-la-fuente\/","title":{"rendered":"RETABLOS LA FUENTE"},"content":{"rendered":"\n<div class=\"wp-block-group\"><div class=\"wp-block-group__inner-container is-layout-constrained wp-block-group-is-layout-constrained\">\n<div class=\"wp-block-media-text is-stacked-on-mobile artista-single\">\n<figure class=\"wp-block-media-text__media\"><img loading=\"lazy\" decoding=\"async\" class=\"alignnone wp-image-783 size-full\" src=\"https:\/\/www.aularecords.cl\/wp-content\/uploads\/2025\/12\/AR017-Retablos-La-Fuente.jpg\" alt=\"\" width=\"780\" height=\"780\" srcset=\"https:\/\/www.aularecords.cl\/wp-content\/uploads\/2025\/12\/AR017-Retablos-La-Fuente.jpg 780w, https:\/\/www.aularecords.cl\/wp-content\/uploads\/2025\/12\/AR017-Retablos-La-Fuente-300x300.jpg 300w, https:\/\/www.aularecords.cl\/wp-content\/uploads\/2025\/12\/AR017-Retablos-La-Fuente-100x100.jpg 100w, https:\/\/www.aularecords.cl\/wp-content\/uploads\/2025\/12\/AR017-Retablos-La-Fuente-600x600.jpg 600w, https:\/\/www.aularecords.cl\/wp-content\/uploads\/2025\/12\/AR017-Retablos-La-Fuente-150x150.jpg 150w, https:\/\/www.aularecords.cl\/wp-content\/uploads\/2025\/12\/AR017-Retablos-La-Fuente-768x768.jpg 768w\" sizes=\"auto, (max-width: 780px) 100vw, 780px\" \/><\/figure>\n<div class=\"wp-block-media-text__content\">\n<h3 class=\"wp-block-heading\">RETABLOS LA FUENTE<\/h3>\n<p><strong>Ayacucho (Per\u00fa), c.1995<\/strong><\/p>\n<p><strong>\n<\/strong><\/p>\n<p><span style=\"font-weight: 400;\">Taller familiar ubicado en el barrio de Quinuapata, en Ayacucho (Per\u00fa), fundado por Alejandro La Fuente, que se ve en la imagen. Cuenta con m\u00e1s de 30 a\u00f1os de experiencia en la creaci\u00f3n de retablos tradicionales, cuyas figuras son moldeadas con una mezcla de yeso y harina de trigo. El retablo fotografiado para el compilado del XVI FIMA Usach (AR017) es de su autor\u00eda.<\/span><\/p>\n<p><span style=\"font-size: 10pt;\">Foto: \u00c1lex La Fuente.<\/span><\/p>\n<\/div>\n<\/div>\n<\/div><\/div>\n","protected":false},"excerpt":{"rendered":"<p>RETABLOS LA FUENTE Ayacucho (Per\u00fa), c.1995 Taller familiar ubicado en el barrio de Quinuapata, en Ayacucho (Per\u00fa), fundado por Alejandro La Fuente, que se ve en la imagen. Cuenta con m\u00e1s de 30 a\u00f1os de experiencia en la creaci\u00f3n de retablos tradicionales, cuyas figuras son moldeadas con una mezcla de yeso y harina de trigo. [&hellip;]<\/p>\n","protected":false},"author":1,"featured_media":783,"parent":126,"menu_order":55,"comment_status":"closed","ping_status":"closed","template":"","meta":{"footnotes":""},"class_list":["post-649","page","type-page","status-publish","has-post-thumbnail","hentry"],"_links":{"self":[{"href":"https:\/\/www.aularecords.cl\/wp-json\/wp\/v2\/pages\/649","targetHints":{"allow":["GET"]}}],"collection":[{"href":"https:\/\/www.aularecords.cl\/wp-json\/wp\/v2\/pages"}],"about":[{"href":"https:\/\/www.aularecords.cl\/wp-json\/wp\/v2\/types\/page"}],"author":[{"embeddable":true,"href":"https:\/\/www.aularecords.cl\/wp-json\/wp\/v2\/users\/1"}],"replies":[{"embeddable":true,"href":"https:\/\/www.aularecords.cl\/wp-json\/wp\/v2\/comments?post=649"}],"version-history":[{"count":0,"href":"https:\/\/www.aularecords.cl\/wp-json\/wp\/v2\/pages\/649\/revisions"}],"up":[{"embeddable":true,"href":"https:\/\/www.aularecords.cl\/wp-json\/wp\/v2\/pages\/126"}],"wp:featuredmedia":[{"embeddable":true,"href":"https:\/\/www.aularecords.cl\/wp-json\/wp\/v2\/media\/783"}],"wp:attachment":[{"href":"https:\/\/www.aularecords.cl\/wp-json\/wp\/v2\/media?parent=649"}],"curies":[{"name":"wp","href":"https:\/\/api.w.org\/{rel}","templated":true}]}}