{"id":647,"date":"2025-12-11T17:24:46","date_gmt":"2025-12-11T20:24:46","guid":{"rendered":"https:\/\/www.aularecords.cl\/\/?page_id=647"},"modified":"2025-12-11T17:24:46","modified_gmt":"2025-12-11T20:24:46","slug":"aranda-feres","status":"publish","type":"page","link":"https:\/\/www.aularecords.cl\/artistas\/artistas-visuales\/aranda-feres\/","title":{"rendered":"ARANDA FERES"},"content":{"rendered":"\n<div class=\"wp-block-group\"><div class=\"wp-block-group__inner-container is-layout-constrained wp-block-group-is-layout-constrained\">\n<div class=\"wp-block-media-text is-stacked-on-mobile artista-single\">\n<figure class=\"wp-block-media-text__media\"><img loading=\"lazy\" decoding=\"async\" class=\"alignnone wp-image-560 size-medium\" src=\"https:\/\/www.aularecords.cl\/\/wp-content\/uploads\/2025\/12\/AR014-Aranda-Feres-e1765484627268-1000x1000.jpg\" alt=\"\" width=\"1000\" height=\"1000\" \/><\/figure>\n<div class=\"wp-block-media-text__content\">\n<h3 class=\"wp-block-heading\">ARANDA FERES<\/h3>\n<p><strong>Santiago, 1999<\/strong><\/p>\n<p><strong>\n<\/strong><\/p>\n<p><span style=\"font-weight: 400;\">Titulada en Dise\u00f1o Integral y Licenciada en Ingenier\u00eda con <\/span><i><span style=\"font-weight: 400;\">major<\/span><\/i><span style=\"font-weight: 400;\"> en Dise\u00f1o e Innovaci\u00f3n en la Pontificia Universidad Cat\u00f3lica de Chile, tambi\u00e9n estudi\u00f3 viol\u00edn y ha explorado otras disciplinas,\u00a0 como la confecci\u00f3n de vestuario a partir de textiles usados y la creaci\u00f3n de joyer\u00eda. Con herramientas digitales, se hizo cargo del arte en <\/span><i><span style=\"font-weight: 400;\">Eolia <\/span><\/i><span style=\"font-weight: 400;\">(AR014).<\/span><\/p>\n<p><span style=\"font-size: 10pt;\">Foto: Mila Bel\u00e9n.<\/span><\/p>\n<\/div>\n<\/div>\n<\/div><\/div>\n","protected":false},"excerpt":{"rendered":"<p>ARANDA FERES Santiago, 1999 Titulada en Dise\u00f1o Integral y Licenciada en Ingenier\u00eda con major en Dise\u00f1o e Innovaci\u00f3n en la Pontificia Universidad Cat\u00f3lica de Chile, tambi\u00e9n estudi\u00f3 viol\u00edn y ha explorado otras disciplinas,\u00a0 como la confecci\u00f3n de vestuario a partir de textiles usados y la creaci\u00f3n de joyer\u00eda. Con herramientas digitales, se hizo cargo del [&hellip;]<\/p>\n","protected":false},"author":1,"featured_media":560,"parent":126,"menu_order":52,"comment_status":"closed","ping_status":"closed","template":"","meta":{"footnotes":""},"class_list":["post-647","page","type-page","status-publish","has-post-thumbnail","hentry"],"_links":{"self":[{"href":"https:\/\/www.aularecords.cl\/wp-json\/wp\/v2\/pages\/647","targetHints":{"allow":["GET"]}}],"collection":[{"href":"https:\/\/www.aularecords.cl\/wp-json\/wp\/v2\/pages"}],"about":[{"href":"https:\/\/www.aularecords.cl\/wp-json\/wp\/v2\/types\/page"}],"author":[{"embeddable":true,"href":"https:\/\/www.aularecords.cl\/wp-json\/wp\/v2\/users\/1"}],"replies":[{"embeddable":true,"href":"https:\/\/www.aularecords.cl\/wp-json\/wp\/v2\/comments?post=647"}],"version-history":[{"count":0,"href":"https:\/\/www.aularecords.cl\/wp-json\/wp\/v2\/pages\/647\/revisions"}],"up":[{"embeddable":true,"href":"https:\/\/www.aularecords.cl\/wp-json\/wp\/v2\/pages\/126"}],"wp:featuredmedia":[{"embeddable":true,"href":"https:\/\/www.aularecords.cl\/wp-json\/wp\/v2\/media\/560"}],"wp:attachment":[{"href":"https:\/\/www.aularecords.cl\/wp-json\/wp\/v2\/media?parent=647"}],"curies":[{"name":"wp","href":"https:\/\/api.w.org\/{rel}","templated":true}]}}