{"id":646,"date":"2025-12-11T17:21:27","date_gmt":"2025-12-11T20:21:27","guid":{"rendered":"https:\/\/www.aularecords.cl\/\/?page_id=646"},"modified":"2025-12-11T17:21:27","modified_gmt":"2025-12-11T20:21:27","slug":"romina-marin","status":"publish","type":"page","link":"https:\/\/www.aularecords.cl\/artistas\/artistas-visuales\/romina-marin\/","title":{"rendered":"ROMINA MAR\u00cdN"},"content":{"rendered":"\n<div class=\"wp-block-group\"><div class=\"wp-block-group__inner-container is-layout-constrained wp-block-group-is-layout-constrained\">\n<div class=\"wp-block-media-text is-stacked-on-mobile artista-single\">\n<figure class=\"wp-block-media-text__media\"><img loading=\"lazy\" decoding=\"async\" class=\"alignnone wp-image-568 size-medium\" src=\"https:\/\/www.aularecords.cl\/\/wp-content\/uploads\/2025\/12\/AR025-Romina-Marin-02-1000x1000.jpg\" alt=\"\" width=\"1000\" height=\"1000\" \/><\/figure>\n<div class=\"wp-block-media-text__content\">\n<h3 class=\"wp-block-heading\">ROMINA MAR\u00cdN<\/h3>\n<p><strong>Santiago, 1985<\/strong><\/p>\n<p><strong>\n<\/strong><\/p>\n<p><span style=\"font-weight: 400;\">Es Dise\u00f1adora en Comunicaci\u00f3n Visual de la Universidad Tecnol\u00f3gica Metropolitana. Ha trabajado diversas t\u00e9cnicas como el collage, la confecci\u00f3n e ilustraci\u00f3n textil. Desde 2019, es parte del Departamento de Extensi\u00f3n Usach y trabaj\u00f3 en el dise\u00f1o y la diagramaci\u00f3n de la mayor\u00eda del cat\u00e1logo de Aula Records. Utiliz\u00f3 fotograf\u00edas y partituras al crear el arte del disco <\/span><i><span style=\"font-weight: 400;\">Del legado de Nino Garc\u00eda<\/span><\/i><span style=\"font-weight: 400;\"> (AR025).<\/span><\/p>\n<p><span style=\"font-size: 10pt;\">Foto: Archivo.<\/span><\/p>\n<\/div>\n<\/div>\n<\/div><\/div>\n","protected":false},"excerpt":{"rendered":"<p>ROMINA MAR\u00cdN Santiago, 1985 Es Dise\u00f1adora en Comunicaci\u00f3n Visual de la Universidad Tecnol\u00f3gica Metropolitana. Ha trabajado diversas t\u00e9cnicas como el collage, la confecci\u00f3n e ilustraci\u00f3n textil. Desde 2019, es parte del Departamento de Extensi\u00f3n Usach y trabaj\u00f3 en el dise\u00f1o y la diagramaci\u00f3n de la mayor\u00eda del cat\u00e1logo de Aula Records. Utiliz\u00f3 fotograf\u00edas y partituras [&hellip;]<\/p>\n","protected":false},"author":1,"featured_media":568,"parent":126,"menu_order":50,"comment_status":"closed","ping_status":"closed","template":"","meta":{"footnotes":""},"class_list":["post-646","page","type-page","status-publish","has-post-thumbnail","hentry"],"_links":{"self":[{"href":"https:\/\/www.aularecords.cl\/wp-json\/wp\/v2\/pages\/646","targetHints":{"allow":["GET"]}}],"collection":[{"href":"https:\/\/www.aularecords.cl\/wp-json\/wp\/v2\/pages"}],"about":[{"href":"https:\/\/www.aularecords.cl\/wp-json\/wp\/v2\/types\/page"}],"author":[{"embeddable":true,"href":"https:\/\/www.aularecords.cl\/wp-json\/wp\/v2\/users\/1"}],"replies":[{"embeddable":true,"href":"https:\/\/www.aularecords.cl\/wp-json\/wp\/v2\/comments?post=646"}],"version-history":[{"count":0,"href":"https:\/\/www.aularecords.cl\/wp-json\/wp\/v2\/pages\/646\/revisions"}],"up":[{"embeddable":true,"href":"https:\/\/www.aularecords.cl\/wp-json\/wp\/v2\/pages\/126"}],"wp:featuredmedia":[{"embeddable":true,"href":"https:\/\/www.aularecords.cl\/wp-json\/wp\/v2\/media\/568"}],"wp:attachment":[{"href":"https:\/\/www.aularecords.cl\/wp-json\/wp\/v2\/media?parent=646"}],"curies":[{"name":"wp","href":"https:\/\/api.w.org\/{rel}","templated":true}]}}