{"id":641,"date":"2025-12-11T17:16:54","date_gmt":"2025-12-11T20:16:54","guid":{"rendered":"https:\/\/www.aularecords.cl\/\/?page_id=641"},"modified":"2025-12-11T17:16:54","modified_gmt":"2025-12-11T20:16:54","slug":"leonor-perez","status":"publish","type":"page","link":"https:\/\/www.aularecords.cl\/artistas\/artistas-visuales\/leonor-perez\/","title":{"rendered":"LEONOR P\u00c9REZ"},"content":{"rendered":"\n<div class=\"wp-block-group\"><div class=\"wp-block-group__inner-container is-layout-constrained wp-block-group-is-layout-constrained\">\n<div class=\"wp-block-media-text is-stacked-on-mobile artista-single\">\n<figure class=\"wp-block-media-text__media\"><img loading=\"lazy\" decoding=\"async\" class=\"alignnone wp-image-556 size-medium\" src=\"https:\/\/www.aularecords.cl\/\/wp-content\/uploads\/2025\/12\/AR010-Leonor-Perez-971x1000.jpg\" alt=\"\" width=\"971\" height=\"1000\" \/><\/figure>\n<div class=\"wp-block-media-text__content\">\n<h3 class=\"wp-block-heading\">LEONOR P\u00c9REZ<\/h3>\n<p><strong>Santiago, 1975<\/strong><\/p>\n<p><strong>\n<\/strong><\/p>\n<p><span style=\"font-weight: 400;\">Formada como artista y profesora en la Pontificia Universidad Cat\u00f3lica, desde 2005 se ha dedicado a la ilustraci\u00f3n, lo que la llev\u00f3 a perfeccionarse en Chile y M\u00e9xico. Ha colaborado para editoriales de Estados Unidos, Corea del Sur y Brasil, adem\u00e1s de Chile y M\u00e9xico. Tambi\u00e9n ha exhibido su trabajo en Italia y M\u00e9xico, y recibido premios en Chile y Brasil. Cre\u00f3 el arte de <\/span><i><span style=\"font-weight: 400;\">Cantos en memoria de Joane Florvil<\/span><\/i><span style=\"font-weight: 400;\"> (AR010).<\/span><\/p>\n<p><span style=\"font-size: 10pt;\">Foto: Archivo.<\/span><\/p>\n<\/div>\n<\/div>\n<\/div><\/div>\n","protected":false},"excerpt":{"rendered":"<p>LEONOR P\u00c9REZ Santiago, 1975 Formada como artista y profesora en la Pontificia Universidad Cat\u00f3lica, desde 2005 se ha dedicado a la ilustraci\u00f3n, lo que la llev\u00f3 a perfeccionarse en Chile y M\u00e9xico. Ha colaborado para editoriales de Estados Unidos, Corea del Sur y Brasil, adem\u00e1s de Chile y M\u00e9xico. Tambi\u00e9n ha exhibido su trabajo en [&hellip;]<\/p>\n","protected":false},"author":1,"featured_media":556,"parent":126,"menu_order":47,"comment_status":"closed","ping_status":"closed","template":"","meta":{"footnotes":""},"class_list":["post-641","page","type-page","status-publish","has-post-thumbnail","hentry"],"_links":{"self":[{"href":"https:\/\/www.aularecords.cl\/wp-json\/wp\/v2\/pages\/641","targetHints":{"allow":["GET"]}}],"collection":[{"href":"https:\/\/www.aularecords.cl\/wp-json\/wp\/v2\/pages"}],"about":[{"href":"https:\/\/www.aularecords.cl\/wp-json\/wp\/v2\/types\/page"}],"author":[{"embeddable":true,"href":"https:\/\/www.aularecords.cl\/wp-json\/wp\/v2\/users\/1"}],"replies":[{"embeddable":true,"href":"https:\/\/www.aularecords.cl\/wp-json\/wp\/v2\/comments?post=641"}],"version-history":[{"count":0,"href":"https:\/\/www.aularecords.cl\/wp-json\/wp\/v2\/pages\/641\/revisions"}],"up":[{"embeddable":true,"href":"https:\/\/www.aularecords.cl\/wp-json\/wp\/v2\/pages\/126"}],"wp:featuredmedia":[{"embeddable":true,"href":"https:\/\/www.aularecords.cl\/wp-json\/wp\/v2\/media\/556"}],"wp:attachment":[{"href":"https:\/\/www.aularecords.cl\/wp-json\/wp\/v2\/media?parent=641"}],"curies":[{"name":"wp","href":"https:\/\/api.w.org\/{rel}","templated":true}]}}