{"id":636,"date":"2025-12-11T17:10:28","date_gmt":"2025-12-11T20:10:28","guid":{"rendered":"https:\/\/www.aularecords.cl\/\/?page_id=636"},"modified":"2025-12-11T17:10:28","modified_gmt":"2025-12-11T20:10:28","slug":"nora-unda","status":"publish","type":"page","link":"https:\/\/www.aularecords.cl\/artistas\/artistas-visuales\/nora-unda\/","title":{"rendered":"NORA UNDA"},"content":{"rendered":"\n<div class=\"wp-block-group\"><div class=\"wp-block-group__inner-container is-layout-constrained wp-block-group-is-layout-constrained\">\n<div class=\"wp-block-media-text is-stacked-on-mobile artista-single\">\n<figure class=\"wp-block-media-text__media\"><img loading=\"lazy\" decoding=\"async\" class=\"alignnone wp-image-788 size-full\" src=\"https:\/\/www.aularecords.cl\/wp-content\/uploads\/2025\/12\/AR007-Nora-Unda-1.jpg\" alt=\"\" width=\"683\" height=\"683\" srcset=\"https:\/\/www.aularecords.cl\/wp-content\/uploads\/2025\/12\/AR007-Nora-Unda-1.jpg 683w, https:\/\/www.aularecords.cl\/wp-content\/uploads\/2025\/12\/AR007-Nora-Unda-1-300x300.jpg 300w, https:\/\/www.aularecords.cl\/wp-content\/uploads\/2025\/12\/AR007-Nora-Unda-1-100x100.jpg 100w, https:\/\/www.aularecords.cl\/wp-content\/uploads\/2025\/12\/AR007-Nora-Unda-1-600x600.jpg 600w, https:\/\/www.aularecords.cl\/wp-content\/uploads\/2025\/12\/AR007-Nora-Unda-1-150x150.jpg 150w\" sizes=\"auto, (max-width: 683px) 100vw, 683px\" \/><\/figure>\n<div class=\"wp-block-media-text__content\">\n<h3 class=\"wp-block-heading\">NORA UNDA<\/h3>\n<p><strong>Santiago, 1982<\/strong><\/p>\n<p><strong>\n<\/strong><\/p>\n<p><span style=\"font-weight: 400;\">Escultora formada en la Universidad de Chile, especializada en fundiciones de bronce y aluminio. Ha sido finalista en diversos concursos nacionales, en los cuales ha destacado por sus relieves en plasticina y por esculturas inspiradas en los animales y elementos de la naturaleza. Utiliz\u00f3 t\u00e9cnicas digitales y de relieves en plasticina para crear la car\u00e1tula de <\/span><i><span style=\"font-weight: 400;\">Postrimer\u00edas<\/span><\/i><span style=\"font-weight: 400;\"> (AR007).<\/span><\/p>\n<p><span style=\"font-size: 10pt;\">Foto: Archivo.<\/span><\/p>\n<\/div>\n<\/div>\n<\/div><\/div>\n","protected":false},"excerpt":{"rendered":"<p>NORA UNDA Santiago, 1982 Escultora formada en la Universidad de Chile, especializada en fundiciones de bronce y aluminio. Ha sido finalista en diversos concursos nacionales, en los cuales ha destacado por sus relieves en plasticina y por esculturas inspiradas en los animales y elementos de la naturaleza. Utiliz\u00f3 t\u00e9cnicas digitales y de relieves en plasticina [&hellip;]<\/p>\n","protected":false},"author":1,"featured_media":788,"parent":126,"menu_order":43,"comment_status":"closed","ping_status":"closed","template":"","meta":{"footnotes":""},"class_list":["post-636","page","type-page","status-publish","has-post-thumbnail","hentry"],"_links":{"self":[{"href":"https:\/\/www.aularecords.cl\/wp-json\/wp\/v2\/pages\/636","targetHints":{"allow":["GET"]}}],"collection":[{"href":"https:\/\/www.aularecords.cl\/wp-json\/wp\/v2\/pages"}],"about":[{"href":"https:\/\/www.aularecords.cl\/wp-json\/wp\/v2\/types\/page"}],"author":[{"embeddable":true,"href":"https:\/\/www.aularecords.cl\/wp-json\/wp\/v2\/users\/1"}],"replies":[{"embeddable":true,"href":"https:\/\/www.aularecords.cl\/wp-json\/wp\/v2\/comments?post=636"}],"version-history":[{"count":0,"href":"https:\/\/www.aularecords.cl\/wp-json\/wp\/v2\/pages\/636\/revisions"}],"up":[{"embeddable":true,"href":"https:\/\/www.aularecords.cl\/wp-json\/wp\/v2\/pages\/126"}],"wp:featuredmedia":[{"embeddable":true,"href":"https:\/\/www.aularecords.cl\/wp-json\/wp\/v2\/media\/788"}],"wp:attachment":[{"href":"https:\/\/www.aularecords.cl\/wp-json\/wp\/v2\/media?parent=636"}],"curies":[{"name":"wp","href":"https:\/\/api.w.org\/{rel}","templated":true}]}}