{"id":621,"date":"2025-12-11T16:56:02","date_gmt":"2025-12-11T19:56:02","guid":{"rendered":"https:\/\/www.aularecords.cl\/\/?page_id=621"},"modified":"2025-12-11T16:56:02","modified_gmt":"2025-12-11T19:56:02","slug":"valentina-ratto","status":"publish","type":"page","link":"https:\/\/www.aularecords.cl\/artistas\/artistas-visuales\/valentina-ratto\/","title":{"rendered":"VALENTINA RATTO"},"content":{"rendered":"\n<div class=\"wp-block-group\"><div class=\"wp-block-group__inner-container is-layout-constrained wp-block-group-is-layout-constrained\">\n<div class=\"wp-block-media-text is-stacked-on-mobile artista-single\">\n<figure class=\"wp-block-media-text__media\"><img loading=\"lazy\" decoding=\"async\" class=\"alignnone wp-image-777 size-full\" src=\"https:\/\/www.aularecords.cl\/wp-content\/uploads\/2025\/12\/AR002-Valentina-Ratto-1.jpg\" alt=\"\" width=\"927\" height=\"927\" srcset=\"https:\/\/www.aularecords.cl\/wp-content\/uploads\/2025\/12\/AR002-Valentina-Ratto-1.jpg 927w, https:\/\/www.aularecords.cl\/wp-content\/uploads\/2025\/12\/AR002-Valentina-Ratto-1-300x300.jpg 300w, https:\/\/www.aularecords.cl\/wp-content\/uploads\/2025\/12\/AR002-Valentina-Ratto-1-100x100.jpg 100w, https:\/\/www.aularecords.cl\/wp-content\/uploads\/2025\/12\/AR002-Valentina-Ratto-1-600x600.jpg 600w, https:\/\/www.aularecords.cl\/wp-content\/uploads\/2025\/12\/AR002-Valentina-Ratto-1-150x150.jpg 150w, https:\/\/www.aularecords.cl\/wp-content\/uploads\/2025\/12\/AR002-Valentina-Ratto-1-768x768.jpg 768w\" sizes=\"auto, (max-width: 927px) 100vw, 927px\" \/><\/figure>\n<div class=\"wp-block-media-text__content\">\n<h3 class=\"wp-block-heading\">VALENTINA RATTO<\/h3>\n<p><strong>Santiago, 1988<\/strong><\/p>\n<p><strong>\n<\/strong><\/p>\n<p><span style=\"font-weight: 400;\">Licenciada en Artes de la Pontificia Universidad Cat\u00f3lica, que se especializa en la intervenci\u00f3n de objetos y artefactos, a partir de elementos que crean una po\u00e9tica personal e interact\u00faan con el espectador. Realiz\u00f3 40 car\u00e1tulas diferentes para <\/span><i><span style=\"font-weight: 400;\">El divino soliloquio<\/span><\/i><span style=\"font-weight: 400;\"> (AR002), en base a cuatro dise\u00f1os originales plasmados en impresi\u00f3n lenticular.<\/span><\/p>\n<p><span style=\"font-size: 10pt;\">Foto: Archivo.<\/span><\/p>\n<\/div>\n<\/div>\n<\/div><\/div>\n","protected":false},"excerpt":{"rendered":"<p>VALENTINA RATTO Santiago, 1988 Licenciada en Artes de la Pontificia Universidad Cat\u00f3lica, que se especializa en la intervenci\u00f3n de objetos y artefactos, a partir de elementos que crean una po\u00e9tica personal e interact\u00faan con el espectador. Realiz\u00f3 40 car\u00e1tulas diferentes para El divino soliloquio (AR002), en base a cuatro dise\u00f1os originales plasmados en impresi\u00f3n lenticular. [&hellip;]<\/p>\n","protected":false},"author":1,"featured_media":777,"parent":126,"menu_order":39,"comment_status":"closed","ping_status":"closed","template":"","meta":{"footnotes":""},"class_list":["post-621","page","type-page","status-publish","has-post-thumbnail","hentry"],"_links":{"self":[{"href":"https:\/\/www.aularecords.cl\/wp-json\/wp\/v2\/pages\/621","targetHints":{"allow":["GET"]}}],"collection":[{"href":"https:\/\/www.aularecords.cl\/wp-json\/wp\/v2\/pages"}],"about":[{"href":"https:\/\/www.aularecords.cl\/wp-json\/wp\/v2\/types\/page"}],"author":[{"embeddable":true,"href":"https:\/\/www.aularecords.cl\/wp-json\/wp\/v2\/users\/1"}],"replies":[{"embeddable":true,"href":"https:\/\/www.aularecords.cl\/wp-json\/wp\/v2\/comments?post=621"}],"version-history":[{"count":0,"href":"https:\/\/www.aularecords.cl\/wp-json\/wp\/v2\/pages\/621\/revisions"}],"up":[{"embeddable":true,"href":"https:\/\/www.aularecords.cl\/wp-json\/wp\/v2\/pages\/126"}],"wp:featuredmedia":[{"embeddable":true,"href":"https:\/\/www.aularecords.cl\/wp-json\/wp\/v2\/media\/777"}],"wp:attachment":[{"href":"https:\/\/www.aularecords.cl\/wp-json\/wp\/v2\/media?parent=621"}],"curies":[{"name":"wp","href":"https:\/\/api.w.org\/{rel}","templated":true}]}}