{"id":535,"date":"2025-12-10T17:14:17","date_gmt":"2025-12-10T20:14:17","guid":{"rendered":"https:\/\/www.aularecords.cl\/\/?page_id=535"},"modified":"2025-12-10T17:14:17","modified_gmt":"2025-12-10T20:14:17","slug":"campaneros-de-santiago","status":"publish","type":"page","link":"https:\/\/www.aularecords.cl\/artistas\/interpretes\/campaneros-de-santiago\/","title":{"rendered":"CAMPANEROS DE SANTIAGO"},"content":{"rendered":"\n<div class=\"wp-block-group\"><div class=\"wp-block-group__inner-container is-layout-constrained wp-block-group-is-layout-constrained\">\n<div class=\"wp-block-media-text is-stacked-on-mobile artista-single\">\n<figure class=\"wp-block-media-text__media\"><img loading=\"lazy\" decoding=\"async\" class=\"alignnone wp-image-503 size-medium\" src=\"https:\/\/www.aularecords.cl\/\/wp-content\/uploads\/2025\/12\/Campaneros-de-Santiago-1000x667.jpg\" alt=\"\" width=\"1000\" height=\"667\" \/><\/figure>\n<div class=\"wp-block-media-text__content\">\n<h3 class=\"wp-block-heading\">CAMPANEROS DE SANTIAGO<\/h3>\n<p><strong>\n<\/strong><\/p>\n<p><span style=\"font-weight: 400;\">Colectivo que nace en 2012 y es liderado por los investigadores y m\u00fasicos Eduardo Sato, Sebasti\u00e1n Jatz y Tom\u00e1s Brantmayer. Se ha dedicado al rescate de toques tradicionales de campanas en antiguas iglesias de Santiago.<\/span><\/p>\n<p><span style=\"font-size: 10pt;\">Foto: Francisco Navarrete Sitj\u00e0.<\/span><\/p>\n<\/div>\n<\/div>\n<\/div><\/div>\n","protected":false},"excerpt":{"rendered":"<p>CAMPANEROS DE SANTIAGO Colectivo que nace en 2012 y es liderado por los investigadores y m\u00fasicos Eduardo Sato, Sebasti\u00e1n Jatz y Tom\u00e1s Brantmayer. Se ha dedicado al rescate de toques tradicionales de campanas en antiguas iglesias de Santiago. Foto: Francisco Navarrete Sitj\u00e0.<\/p>\n","protected":false},"author":1,"featured_media":503,"parent":124,"menu_order":35,"comment_status":"closed","ping_status":"closed","template":"","meta":{"footnotes":""},"class_list":["post-535","page","type-page","status-publish","has-post-thumbnail","hentry"],"_links":{"self":[{"href":"https:\/\/www.aularecords.cl\/wp-json\/wp\/v2\/pages\/535","targetHints":{"allow":["GET"]}}],"collection":[{"href":"https:\/\/www.aularecords.cl\/wp-json\/wp\/v2\/pages"}],"about":[{"href":"https:\/\/www.aularecords.cl\/wp-json\/wp\/v2\/types\/page"}],"author":[{"embeddable":true,"href":"https:\/\/www.aularecords.cl\/wp-json\/wp\/v2\/users\/1"}],"replies":[{"embeddable":true,"href":"https:\/\/www.aularecords.cl\/wp-json\/wp\/v2\/comments?post=535"}],"version-history":[{"count":0,"href":"https:\/\/www.aularecords.cl\/wp-json\/wp\/v2\/pages\/535\/revisions"}],"up":[{"embeddable":true,"href":"https:\/\/www.aularecords.cl\/wp-json\/wp\/v2\/pages\/124"}],"wp:featuredmedia":[{"embeddable":true,"href":"https:\/\/www.aularecords.cl\/wp-json\/wp\/v2\/media\/503"}],"wp:attachment":[{"href":"https:\/\/www.aularecords.cl\/wp-json\/wp\/v2\/media?parent=535"}],"curies":[{"name":"wp","href":"https:\/\/api.w.org\/{rel}","templated":true}]}}