{"id":531,"date":"2025-12-10T17:10:58","date_gmt":"2025-12-10T20:10:58","guid":{"rendered":"https:\/\/www.aularecords.cl\/\/?page_id=531"},"modified":"2025-12-10T17:10:58","modified_gmt":"2025-12-10T20:10:58","slug":"cuarteto-estacion","status":"publish","type":"page","link":"https:\/\/www.aularecords.cl\/artistas\/interpretes\/cuarteto-estacion\/","title":{"rendered":"CUARTETO ESTACI\u00d3N"},"content":{"rendered":"\n<div class=\"wp-block-group\"><div class=\"wp-block-group__inner-container is-layout-constrained wp-block-group-is-layout-constrained\">\n<div class=\"wp-block-media-text is-stacked-on-mobile artista-single\">\n<figure class=\"wp-block-media-text__media\"><img loading=\"lazy\" decoding=\"async\" class=\"alignnone wp-image-506 size-medium\" src=\"https:\/\/www.aularecords.cl\/\/wp-content\/uploads\/2025\/12\/Cuarteto-Estacion-1000x750.jpg\" alt=\"\" width=\"1000\" height=\"750\" \/><\/figure>\n<div class=\"wp-block-media-text__content\">\n<h3 class=\"wp-block-heading\">CUARTETO ESTACI\u00d3N<\/h3>\n<p><strong>\n<\/strong><\/p>\n<p><span style=\"font-weight: 400;\">Activo entre 2020 y 2022, fue conformado por integrantes de la Orquesta Usach y su \u00fanica presentaci\u00f3n en vivo ocurri\u00f3 durante las Semanas Musicales de Frutillar 2022, a\u00f1o en el que, adem\u00e1s, participaron en dos discos.<\/span><\/p>\n<p><span style=\"font-size: 10pt;\">Foto: Semanas Musicales de Frutillar.<\/span><\/p>\n<\/div>\n<\/div>\n<\/div><\/div>\n","protected":false},"excerpt":{"rendered":"<p>CUARTETO ESTACI\u00d3N Activo entre 2020 y 2022, fue conformado por integrantes de la Orquesta Usach y su \u00fanica presentaci\u00f3n en vivo ocurri\u00f3 durante las Semanas Musicales de Frutillar 2022, a\u00f1o en el que, adem\u00e1s, participaron en dos discos. Foto: Semanas Musicales de Frutillar.<\/p>\n","protected":false},"author":1,"featured_media":506,"parent":124,"menu_order":34,"comment_status":"closed","ping_status":"closed","template":"","meta":{"footnotes":""},"class_list":["post-531","page","type-page","status-publish","has-post-thumbnail","hentry"],"_links":{"self":[{"href":"https:\/\/www.aularecords.cl\/wp-json\/wp\/v2\/pages\/531","targetHints":{"allow":["GET"]}}],"collection":[{"href":"https:\/\/www.aularecords.cl\/wp-json\/wp\/v2\/pages"}],"about":[{"href":"https:\/\/www.aularecords.cl\/wp-json\/wp\/v2\/types\/page"}],"author":[{"embeddable":true,"href":"https:\/\/www.aularecords.cl\/wp-json\/wp\/v2\/users\/1"}],"replies":[{"embeddable":true,"href":"https:\/\/www.aularecords.cl\/wp-json\/wp\/v2\/comments?post=531"}],"version-history":[{"count":0,"href":"https:\/\/www.aularecords.cl\/wp-json\/wp\/v2\/pages\/531\/revisions"}],"up":[{"embeddable":true,"href":"https:\/\/www.aularecords.cl\/wp-json\/wp\/v2\/pages\/124"}],"wp:featuredmedia":[{"embeddable":true,"href":"https:\/\/www.aularecords.cl\/wp-json\/wp\/v2\/media\/506"}],"wp:attachment":[{"href":"https:\/\/www.aularecords.cl\/wp-json\/wp\/v2\/media?parent=531"}],"curies":[{"name":"wp","href":"https:\/\/api.w.org\/{rel}","templated":true}]}}