{"id":523,"date":"2025-12-10T17:05:34","date_gmt":"2025-12-10T20:05:34","guid":{"rendered":"https:\/\/www.aularecords.cl\/\/?page_id=523"},"modified":"2025-12-10T17:05:34","modified_gmt":"2025-12-10T20:05:34","slug":"coro-madrigalista-usach","status":"publish","type":"page","link":"https:\/\/www.aularecords.cl\/artistas\/interpretes\/coro-madrigalista-usach\/","title":{"rendered":"CORO MADRIGALISTA USACH"},"content":{"rendered":"\n<div class=\"wp-block-group\"><div class=\"wp-block-group__inner-container is-layout-constrained wp-block-group-is-layout-constrained\">\n<div class=\"wp-block-media-text is-stacked-on-mobile artista-single\">\n<figure class=\"wp-block-media-text__media\"><img loading=\"lazy\" decoding=\"async\" class=\"alignnone wp-image-504 size-medium\" src=\"https:\/\/www.aularecords.cl\/\/wp-content\/uploads\/2025\/12\/Coro-Madrigalista-USACH-1000x667.png\" alt=\"\" width=\"1000\" height=\"667\" \/><\/figure>\n<div class=\"wp-block-media-text__content\">\n<h3 class=\"wp-block-heading\">CORO MADRIGALISTA USACH<\/h3>\n<p><strong>\n<\/strong><\/p>\n<p><span style=\"font-weight: 400;\">Surge en 1980 y aborda desde el Renacimiento hasta la creaci\u00f3n contempor\u00e1nea. Aunque a lo largo de su historia ha recibido distintas denominaciones, su presencia ha sido permanente en las temporadas de conciertos de la Usach, en las que colabora con Syntagma Musicum, el Coro Sinf\u00f3nico y la Orquesta Usach. En la actualidad lo integran doce cantantes y, desde 2003, su director es Rodrigo D\u00edaz Riquelme. Bajo su conducci\u00f3n, ha publicado tres discos: <i>Hermoso im\u00e1n m\u00edo <\/i>(2014), con el grupo Les Carillons, <i>El derecho de vivir en paz\/Manifiesto<\/i> (2020) y <i>Destinos vencen finezas<\/i> (2022). Los dos \u00faltimos fueron grabados junto con Syntagma Musicum. <\/span><\/p>\n<p><span style=\"font-size: 10pt;\">Foto: Gary Go.<\/span><\/p>\n<\/div>\n<\/div>\n<\/div><\/div>\n","protected":false},"excerpt":{"rendered":"<p>CORO MADRIGALISTA USACH Surge en 1980 y aborda desde el Renacimiento hasta la creaci\u00f3n contempor\u00e1nea. Aunque a lo largo de su historia ha recibido distintas denominaciones, su presencia ha sido permanente en las temporadas de conciertos de la Usach, en las que colabora con Syntagma Musicum, el Coro Sinf\u00f3nico y la Orquesta Usach. En la [&hellip;]<\/p>\n","protected":false},"author":1,"featured_media":504,"parent":124,"menu_order":31,"comment_status":"closed","ping_status":"closed","template":"","meta":{"footnotes":""},"class_list":["post-523","page","type-page","status-publish","has-post-thumbnail","hentry"],"_links":{"self":[{"href":"https:\/\/www.aularecords.cl\/wp-json\/wp\/v2\/pages\/523","targetHints":{"allow":["GET"]}}],"collection":[{"href":"https:\/\/www.aularecords.cl\/wp-json\/wp\/v2\/pages"}],"about":[{"href":"https:\/\/www.aularecords.cl\/wp-json\/wp\/v2\/types\/page"}],"author":[{"embeddable":true,"href":"https:\/\/www.aularecords.cl\/wp-json\/wp\/v2\/users\/1"}],"replies":[{"embeddable":true,"href":"https:\/\/www.aularecords.cl\/wp-json\/wp\/v2\/comments?post=523"}],"version-history":[{"count":0,"href":"https:\/\/www.aularecords.cl\/wp-json\/wp\/v2\/pages\/523\/revisions"}],"up":[{"embeddable":true,"href":"https:\/\/www.aularecords.cl\/wp-json\/wp\/v2\/pages\/124"}],"wp:featuredmedia":[{"embeddable":true,"href":"https:\/\/www.aularecords.cl\/wp-json\/wp\/v2\/media\/504"}],"wp:attachment":[{"href":"https:\/\/www.aularecords.cl\/wp-json\/wp\/v2\/media?parent=523"}],"curies":[{"name":"wp","href":"https:\/\/api.w.org\/{rel}","templated":true}]}}