{"id":491,"date":"2025-12-10T16:17:29","date_gmt":"2025-12-10T19:17:29","guid":{"rendered":"https:\/\/www.aularecords.cl\/\/?page_id=491"},"modified":"2025-12-10T16:17:29","modified_gmt":"2025-12-10T19:17:29","slug":"rodrigo-herrera","status":"publish","type":"page","link":"https:\/\/www.aularecords.cl\/artistas\/compositores\/rodrigo-herrera\/","title":{"rendered":"RODRIGO HERRERA"},"content":{"rendered":"\n<div class=\"wp-block-group\"><div class=\"wp-block-group__inner-container is-layout-constrained wp-block-group-is-layout-constrained\">\n<div class=\"wp-block-media-text is-stacked-on-mobile artista-single\">\n<figure class=\"wp-block-media-text__media\"><img loading=\"lazy\" decoding=\"async\" class=\"alignnone wp-image-456 size-medium\" src=\"https:\/\/www.aularecords.cl\/\/wp-content\/uploads\/2025\/12\/Rodrigo-Herrera-x-Gary-Go-667x1000.jpg\" alt=\"\" width=\"667\" height=\"1000\" \/><\/figure>\n<div class=\"wp-block-media-text__content\">\n<h3 class=\"wp-block-heading\">RODRIGO HERRERA<\/h3>\n<p><strong>\n<\/strong><\/p>\n<p><b>Santiago, 1981<\/b><\/p>\n\n<span style=\"font-weight: 400;\">Rodrigo Herrera estudi\u00f3 composici\u00f3n en la Pontificia Universidad Cat\u00f3lica de Chile con Alejandro Guarello, Rafael D\u00edaz y Pablo Aranda. En 2015 fue becado en un mag\u00edster en composici\u00f3n del King\u2019s College, Londres. Sus obras han sido interpretadas por la Orquesta de C\u00e1mara de Chile, la Sinf\u00f3nica Nacional de Chile, la Sinf\u00f3nica de la Universidad de Concepci\u00f3n, la Orquesta Nuevo Mundo y la Sinf\u00f3nica de Porto Alegre (Brasil), tambi\u00e9n por Concerto Vocale, Ensemble Bartok, Ensamble In-Vento, Ensamble Lontano y el Cuarteto Latin Strings. Sus partituras fueron publicadas por Editorial Nacional y Cayambis Music Press.<\/span><b><br \/>\n<\/b>\n<p><span style=\"font-size: 10pt;\">Foto: Gary Go.<\/span><\/p>\n<\/div>\n<\/div>\n<\/div><\/div>\n","protected":false},"excerpt":{"rendered":"<p>RODRIGO HERRERA Santiago, 1981 Rodrigo Herrera estudi\u00f3 composici\u00f3n en la Pontificia Universidad Cat\u00f3lica de Chile con Alejandro Guarello, Rafael D\u00edaz y Pablo Aranda. En 2015 fue becado en un mag\u00edster en composici\u00f3n del King\u2019s College, Londres. Sus obras han sido interpretadas por la Orquesta de C\u00e1mara de Chile, la Sinf\u00f3nica Nacional de Chile, la Sinf\u00f3nica [&hellip;]<\/p>\n","protected":false},"author":1,"featured_media":456,"parent":122,"menu_order":25,"comment_status":"closed","ping_status":"closed","template":"","meta":{"footnotes":""},"class_list":["post-491","page","type-page","status-publish","has-post-thumbnail","hentry"],"_links":{"self":[{"href":"https:\/\/www.aularecords.cl\/wp-json\/wp\/v2\/pages\/491","targetHints":{"allow":["GET"]}}],"collection":[{"href":"https:\/\/www.aularecords.cl\/wp-json\/wp\/v2\/pages"}],"about":[{"href":"https:\/\/www.aularecords.cl\/wp-json\/wp\/v2\/types\/page"}],"author":[{"embeddable":true,"href":"https:\/\/www.aularecords.cl\/wp-json\/wp\/v2\/users\/1"}],"replies":[{"embeddable":true,"href":"https:\/\/www.aularecords.cl\/wp-json\/wp\/v2\/comments?post=491"}],"version-history":[{"count":0,"href":"https:\/\/www.aularecords.cl\/wp-json\/wp\/v2\/pages\/491\/revisions"}],"up":[{"embeddable":true,"href":"https:\/\/www.aularecords.cl\/wp-json\/wp\/v2\/pages\/122"}],"wp:featuredmedia":[{"embeddable":true,"href":"https:\/\/www.aularecords.cl\/wp-json\/wp\/v2\/media\/456"}],"wp:attachment":[{"href":"https:\/\/www.aularecords.cl\/wp-json\/wp\/v2\/media?parent=491"}],"curies":[{"name":"wp","href":"https:\/\/api.w.org\/{rel}","templated":true}]}}