{"id":487,"date":"2025-12-10T16:04:20","date_gmt":"2025-12-10T19:04:20","guid":{"rendered":"https:\/\/www.aularecords.cl\/\/?page_id=487"},"modified":"2025-12-10T16:04:20","modified_gmt":"2025-12-10T19:04:20","slug":"roberta-lazo-valenzuela","status":"publish","type":"page","link":"https:\/\/www.aularecords.cl\/artistas\/compositores\/roberta-lazo-valenzuela\/","title":{"rendered":"ROBERTA LAZO VALENZUELA"},"content":{"rendered":"\n<div class=\"wp-block-group\"><div class=\"wp-block-group__inner-container is-layout-constrained wp-block-group-is-layout-constrained\">\n<div class=\"wp-block-media-text is-stacked-on-mobile artista-single\">\n<figure class=\"wp-block-media-text__media\"><img loading=\"lazy\" decoding=\"async\" class=\"alignnone wp-image-454 size-medium\" src=\"https:\/\/www.aularecords.cl\/\/wp-content\/uploads\/2025\/12\/Roberta-Lazo-x-Daniela-Canales-666x1000.jpg\" alt=\"\" width=\"666\" height=\"1000\" \/><\/figure>\n<div class=\"wp-block-media-text__content\">\n<h3 class=\"wp-block-heading\">ROBERTA LAZO VALENZUELA<\/h3>\n<p><strong>\n<\/strong><\/p>\n<p><b>Santiago, 1991<\/b><\/p>\n\n\n<p><span style=\"font-weight: 400;\">Roberta Lazo Valenzuela es una compositora y artista visual residente en Austria. Hizo estudios de posgrado en Linz y en la Universidad de Artes Aplicadas de Viena, adem\u00e1s la Academia Nacional de las Artes de Oslo, Noruega. Ha participado en festivales y colabor\u00f3 con los conjuntos Airborne Extended, Ensemble Phoenix, Ensemble Recherche, Ensemble T\u00f8yen Fil og Klafferi y Ensemble Platypus. Public\u00f3 cinco discos con sus creaciones propias y explor\u00f3 el mundo de las artes visuales. Su trabajo se ha extendido a Austria, Alemania, Noruega, Rumania, Letonia, Croacia, Suiza, Espa\u00f1a e Irlanda.<\/span><b><br \/>\n<\/b><\/p>\n<p><span style=\"font-size: 10pt;\">Foto: Daniela Canales.<\/span><\/p>\n<\/div>\n<\/div>\n<\/div><\/div>\n","protected":false},"excerpt":{"rendered":"<p>ROBERTA LAZO VALENZUELA Santiago, 1991 Roberta Lazo Valenzuela es una compositora y artista visual residente en Austria. Hizo estudios de posgrado en Linz y en la Universidad de Artes Aplicadas de Viena, adem\u00e1s la Academia Nacional de las Artes de Oslo, Noruega. Ha participado en festivales y colabor\u00f3 con los conjuntos Airborne Extended, Ensemble Phoenix, [&hellip;]<\/p>\n","protected":false},"author":1,"featured_media":454,"parent":122,"menu_order":23,"comment_status":"closed","ping_status":"closed","template":"","meta":{"footnotes":""},"class_list":["post-487","page","type-page","status-publish","has-post-thumbnail","hentry"],"_links":{"self":[{"href":"https:\/\/www.aularecords.cl\/wp-json\/wp\/v2\/pages\/487","targetHints":{"allow":["GET"]}}],"collection":[{"href":"https:\/\/www.aularecords.cl\/wp-json\/wp\/v2\/pages"}],"about":[{"href":"https:\/\/www.aularecords.cl\/wp-json\/wp\/v2\/types\/page"}],"author":[{"embeddable":true,"href":"https:\/\/www.aularecords.cl\/wp-json\/wp\/v2\/users\/1"}],"replies":[{"embeddable":true,"href":"https:\/\/www.aularecords.cl\/wp-json\/wp\/v2\/comments?post=487"}],"version-history":[{"count":0,"href":"https:\/\/www.aularecords.cl\/wp-json\/wp\/v2\/pages\/487\/revisions"}],"up":[{"embeddable":true,"href":"https:\/\/www.aularecords.cl\/wp-json\/wp\/v2\/pages\/122"}],"wp:featuredmedia":[{"embeddable":true,"href":"https:\/\/www.aularecords.cl\/wp-json\/wp\/v2\/media\/454"}],"wp:attachment":[{"href":"https:\/\/www.aularecords.cl\/wp-json\/wp\/v2\/media?parent=487"}],"curies":[{"name":"wp","href":"https:\/\/api.w.org\/{rel}","templated":true}]}}