{"id":484,"date":"2025-12-10T16:02:04","date_gmt":"2025-12-10T19:02:04","guid":{"rendered":"https:\/\/www.aularecords.cl\/\/?page_id=484"},"modified":"2025-12-10T16:02:04","modified_gmt":"2025-12-10T19:02:04","slug":"nino-garcia","status":"publish","type":"page","link":"https:\/\/www.aularecords.cl\/artistas\/compositores\/nino-garcia\/","title":{"rendered":"NINO GARC\u00cdA"},"content":{"rendered":"\n<div class=\"wp-block-group\"><div class=\"wp-block-group__inner-container is-layout-constrained wp-block-group-is-layout-constrained\">\n<div class=\"wp-block-media-text is-stacked-on-mobile artista-single\">\n<figure class=\"wp-block-media-text__media\"><img loading=\"lazy\" decoding=\"async\" class=\"alignnone wp-image-485 size-medium\" src=\"https:\/\/www.aularecords.cl\/\/wp-content\/uploads\/2025\/12\/Nino-Garcia-667x1000.jpg\" alt=\"\" width=\"667\" height=\"1000\" \/><\/figure>\n<div class=\"wp-block-media-text__content\">\n<h3 class=\"wp-block-heading\">NINO GARC\u00cdA<\/h3>\n<p><strong>\n<\/strong><\/p>\n<p><b>Valpara\u00edso, 1957 &#8211; Santiago, 1998<\/b><\/p>\n\n\n<p><span style=\"font-weight: 400;\">Nino Garc\u00eda es uno de los personajes m\u00e1s singulares de la m\u00fasica chilena. A\u00fan era adolescente cuando debut\u00f3 con la Orquesta Sinf\u00f3nica de Vi\u00f1a del Mar e ingres\u00f3 al Sexteto Hindemith a los 17 a\u00f1os, para el que compuso varias obras. El listado de sus colaboraciones incluye nombres como Antonio Prieto, Frecuencia Mod, Fernando Ubiergo, Ginette Acevedo, Gloria Simonetti y De Kiruza. Form\u00f3 el grupo Casablanca. Como solista se gan\u00f3 el afecto popular con m\u00faltiples apariciones en televisi\u00f3n y festivales de la OTI y Vi\u00f1a del Mar. Tambi\u00e9n compuso varias obras para instrumentos solistas y ensambles de c\u00e1mara.<\/span><\/p>\n<p><span style=\"font-size: 10pt;\">Foto: Archivo \/ Detalle del disco\u00a0<em>El cantar de nuestra Am\u00e9rica<\/em> (1975) del Sexteto Hindemith 76.<\/span><\/p>\n<\/div>\n<\/div>\n<\/div><\/div>\n","protected":false},"excerpt":{"rendered":"<p>NINO GARC\u00cdA Valpara\u00edso, 1957 &#8211; Santiago, 1998 Nino Garc\u00eda es uno de los personajes m\u00e1s singulares de la m\u00fasica chilena. A\u00fan era adolescente cuando debut\u00f3 con la Orquesta Sinf\u00f3nica de Vi\u00f1a del Mar e ingres\u00f3 al Sexteto Hindemith a los 17 a\u00f1os, para el que compuso varias obras. El listado de sus colaboraciones incluye nombres [&hellip;]<\/p>\n","protected":false},"author":1,"featured_media":485,"parent":122,"menu_order":22,"comment_status":"closed","ping_status":"closed","template":"","meta":{"footnotes":""},"class_list":["post-484","page","type-page","status-publish","has-post-thumbnail","hentry"],"_links":{"self":[{"href":"https:\/\/www.aularecords.cl\/wp-json\/wp\/v2\/pages\/484","targetHints":{"allow":["GET"]}}],"collection":[{"href":"https:\/\/www.aularecords.cl\/wp-json\/wp\/v2\/pages"}],"about":[{"href":"https:\/\/www.aularecords.cl\/wp-json\/wp\/v2\/types\/page"}],"author":[{"embeddable":true,"href":"https:\/\/www.aularecords.cl\/wp-json\/wp\/v2\/users\/1"}],"replies":[{"embeddable":true,"href":"https:\/\/www.aularecords.cl\/wp-json\/wp\/v2\/comments?post=484"}],"version-history":[{"count":0,"href":"https:\/\/www.aularecords.cl\/wp-json\/wp\/v2\/pages\/484\/revisions"}],"up":[{"embeddable":true,"href":"https:\/\/www.aularecords.cl\/wp-json\/wp\/v2\/pages\/122"}],"wp:featuredmedia":[{"embeddable":true,"href":"https:\/\/www.aularecords.cl\/wp-json\/wp\/v2\/media\/485"}],"wp:attachment":[{"href":"https:\/\/www.aularecords.cl\/wp-json\/wp\/v2\/media?parent=484"}],"curies":[{"name":"wp","href":"https:\/\/api.w.org\/{rel}","templated":true}]}}