{"id":479,"date":"2025-12-10T15:56:15","date_gmt":"2025-12-10T18:56:15","guid":{"rendered":"https:\/\/www.aularecords.cl\/\/?page_id=479"},"modified":"2025-12-10T15:56:15","modified_gmt":"2025-12-10T18:56:15","slug":"mario-oyanadel","status":"publish","type":"page","link":"https:\/\/www.aularecords.cl\/artistas\/compositores\/mario-oyanadel\/","title":{"rendered":"MARIO OYANADEL"},"content":{"rendered":"\n<div class=\"wp-block-group\"><div class=\"wp-block-group__inner-container is-layout-constrained wp-block-group-is-layout-constrained\">\n<div class=\"wp-block-media-text is-stacked-on-mobile artista-single\">\n<figure class=\"wp-block-media-text__media\"><img loading=\"lazy\" decoding=\"async\" class=\"alignnone wp-image-452 size-medium\" src=\"https:\/\/www.aularecords.cl\/\/wp-content\/uploads\/2025\/12\/Mario-Oyanadel-x-Gary-Go-1-667x1000.jpg\" alt=\"\" width=\"667\" height=\"1000\" \/><\/figure>\n<div class=\"wp-block-media-text__content\">\n<h3 class=\"wp-block-heading\">MARIO OYANADEL<\/h3>\n<p><strong>\n<\/strong><\/p>\n<p><strong>Concepci\u00f3n, 1990<\/strong><\/p>\n\n\n<p><span style=\"font-weight: 400;\">Compositor con estudios en la Universidad de Chile, Mario Oyanadel ha escrito obras para solistas, ensambles de c\u00e1mara y orquestas, adem\u00e1s de trabajos esc\u00e9nicos y <\/span><i><span style=\"font-weight: 400;\">performance<\/span><\/i><span style=\"font-weight: 400;\">. En 2018, particip\u00f3 en el Festival Internacional de M\u00fasica Contempor\u00e1nea de Tailandia y de la residencia para compositores de Banaue, Filipinas. Recibi\u00f3 reconocimientos en concursos de composici\u00f3n de Chile, Kazajist\u00e1n, China, Pa\u00edses Bajos y Finlandia y primeros lugares en los concursos de composici\u00f3n Luis Advis (2017) y Orquesta Marga Marga (2019). Fue finalista del 9\u00b0 Rivers Awards Composition Competition de Shangh\u00e1i, China (2020).\u00a0<\/span><span style=\"font-weight: 400;\"><br \/>\n<\/span><\/p>\n<p><span style=\"font-size: 10pt;\">Foto: Gary Go.<\/span><\/p>\n<\/div>\n<\/div>\n<\/div><\/div>\n","protected":false},"excerpt":{"rendered":"<p>MARIO OYANADEL Concepci\u00f3n, 1990 Compositor con estudios en la Universidad de Chile, Mario Oyanadel ha escrito obras para solistas, ensambles de c\u00e1mara y orquestas, adem\u00e1s de trabajos esc\u00e9nicos y performance. En 2018, particip\u00f3 en el Festival Internacional de M\u00fasica Contempor\u00e1nea de Tailandia y de la residencia para compositores de Banaue, Filipinas. Recibi\u00f3 reconocimientos en concursos [&hellip;]<\/p>\n","protected":false},"author":1,"featured_media":452,"parent":122,"menu_order":20,"comment_status":"closed","ping_status":"closed","template":"","meta":{"footnotes":""},"class_list":["post-479","page","type-page","status-publish","has-post-thumbnail","hentry"],"_links":{"self":[{"href":"https:\/\/www.aularecords.cl\/wp-json\/wp\/v2\/pages\/479","targetHints":{"allow":["GET"]}}],"collection":[{"href":"https:\/\/www.aularecords.cl\/wp-json\/wp\/v2\/pages"}],"about":[{"href":"https:\/\/www.aularecords.cl\/wp-json\/wp\/v2\/types\/page"}],"author":[{"embeddable":true,"href":"https:\/\/www.aularecords.cl\/wp-json\/wp\/v2\/users\/1"}],"replies":[{"embeddable":true,"href":"https:\/\/www.aularecords.cl\/wp-json\/wp\/v2\/comments?post=479"}],"version-history":[{"count":0,"href":"https:\/\/www.aularecords.cl\/wp-json\/wp\/v2\/pages\/479\/revisions"}],"up":[{"embeddable":true,"href":"https:\/\/www.aularecords.cl\/wp-json\/wp\/v2\/pages\/122"}],"wp:featuredmedia":[{"embeddable":true,"href":"https:\/\/www.aularecords.cl\/wp-json\/wp\/v2\/media\/452"}],"wp:attachment":[{"href":"https:\/\/www.aularecords.cl\/wp-json\/wp\/v2\/media?parent=479"}],"curies":[{"name":"wp","href":"https:\/\/api.w.org\/{rel}","templated":true}]}}