{"id":476,"date":"2025-12-10T15:54:56","date_gmt":"2025-12-10T18:54:56","guid":{"rendered":"https:\/\/www.aularecords.cl\/\/?page_id=476"},"modified":"2025-12-10T15:54:56","modified_gmt":"2025-12-10T18:54:56","slug":"andres-maupoint","status":"publish","type":"page","link":"https:\/\/www.aularecords.cl\/artistas\/compositores\/andres-maupoint\/","title":{"rendered":"ANDR\u00c9S MAUPOINT"},"content":{"rendered":"\n<div class=\"wp-block-group\"><div class=\"wp-block-group__inner-container is-layout-constrained wp-block-group-is-layout-constrained\">\n<div class=\"wp-block-media-text is-stacked-on-mobile artista-single\">\n<figure class=\"wp-block-media-text__media\"><img loading=\"lazy\" decoding=\"async\" class=\"alignnone wp-image-451 size-medium\" src=\"https:\/\/www.aularecords.cl\/\/wp-content\/uploads\/2025\/12\/Andres-Maupoint-x-Alejandra-Ruddoff-scaled-e1765392828490-666x1000.jpg\" alt=\"\" width=\"666\" height=\"1000\" \/><\/figure>\n<div class=\"wp-block-media-text__content\">\n<h3 class=\"wp-block-heading\">DIEGO ABURTO<\/h3>\n<p><strong>\n<\/strong><\/p>\n<p><strong>Santiago, 1968<\/strong><\/p>\n\n\n<p><span style=\"font-weight: 400;\">Andr\u00e9s Maupoint estudi\u00f3 piano y composici\u00f3n en la Universidad de Chile. Hizo un mag\u00edster y doctorado en composici\u00f3n en la Escuela Superior de M\u00fasica Felix Mendelssohn de Leipzig y estudios en los conservatorios de Lyon y Par\u00eds. Sus obras se estrenaron en el Teatro Municipal de Santiago, Sala Weill del Carnegie Hall, Sal\u00f3n Dorado del Teatro Col\u00f3n, Mendelssohn-Saal del Gewandhaus Leipzig y Sala Rimsky-K\u00f3rsakov del Conservatorio de San Petersburgo. Grab\u00f3 m\u00e1s de 70 piezas para piano de Liszt y obras de Beethoven, Bach, Chopin, Schumann, Brahms, Satie y Terzakis. Es acad\u00e9mico de la Universidad de Chile, director del Ensemble Dmus y del Conjunto de C\u00e1mara de la Universidad de O\u2019Higgins.<\/span><\/p>\n<p><span style=\"font-size: 10pt;\">Foto: Alejandra Ruddoff.<\/span><\/p>\n<\/div>\n<\/div>\n<\/div><\/div>\n","protected":false},"excerpt":{"rendered":"<p>DIEGO ABURTO Santiago, 1968 Andr\u00e9s Maupoint estudi\u00f3 piano y composici\u00f3n en la Universidad de Chile. Hizo un mag\u00edster y doctorado en composici\u00f3n en la Escuela Superior de M\u00fasica Felix Mendelssohn de Leipzig y estudios en los conservatorios de Lyon y Par\u00eds. Sus obras se estrenaron en el Teatro Municipal de Santiago, Sala Weill del Carnegie [&hellip;]<\/p>\n","protected":false},"author":1,"featured_media":451,"parent":122,"menu_order":19,"comment_status":"closed","ping_status":"closed","template":"","meta":{"footnotes":""},"class_list":["post-476","page","type-page","status-publish","has-post-thumbnail","hentry"],"_links":{"self":[{"href":"https:\/\/www.aularecords.cl\/wp-json\/wp\/v2\/pages\/476","targetHints":{"allow":["GET"]}}],"collection":[{"href":"https:\/\/www.aularecords.cl\/wp-json\/wp\/v2\/pages"}],"about":[{"href":"https:\/\/www.aularecords.cl\/wp-json\/wp\/v2\/types\/page"}],"author":[{"embeddable":true,"href":"https:\/\/www.aularecords.cl\/wp-json\/wp\/v2\/users\/1"}],"replies":[{"embeddable":true,"href":"https:\/\/www.aularecords.cl\/wp-json\/wp\/v2\/comments?post=476"}],"version-history":[{"count":0,"href":"https:\/\/www.aularecords.cl\/wp-json\/wp\/v2\/pages\/476\/revisions"}],"up":[{"embeddable":true,"href":"https:\/\/www.aularecords.cl\/wp-json\/wp\/v2\/pages\/122"}],"wp:featuredmedia":[{"embeddable":true,"href":"https:\/\/www.aularecords.cl\/wp-json\/wp\/v2\/media\/451"}],"wp:attachment":[{"href":"https:\/\/www.aularecords.cl\/wp-json\/wp\/v2\/media?parent=476"}],"curies":[{"name":"wp","href":"https:\/\/api.w.org\/{rel}","templated":true}]}}