{"id":474,"date":"2025-12-10T15:52:55","date_gmt":"2025-12-10T18:52:55","guid":{"rendered":"https:\/\/www.aularecords.cl\/\/?page_id=474"},"modified":"2025-12-10T15:52:55","modified_gmt":"2025-12-10T18:52:55","slug":"diego-aburto","status":"publish","type":"page","link":"https:\/\/www.aularecords.cl\/artistas\/compositores\/diego-aburto\/","title":{"rendered":"DIEGO ABURTO"},"content":{"rendered":"\n<div class=\"wp-block-group\"><div class=\"wp-block-group__inner-container is-layout-constrained wp-block-group-is-layout-constrained\">\n<div class=\"wp-block-media-text is-stacked-on-mobile artista-single\">\n<figure class=\"wp-block-media-text__media\"><img loading=\"lazy\" decoding=\"async\" class=\"alignnone wp-image-447 size-medium\" src=\"https:\/\/www.aularecords.cl\/\/wp-content\/uploads\/2025\/12\/Diego-Aburto-x-Gary-Go-2-667x1000.jpg\" alt=\"\" width=\"667\" height=\"1000\" \/><\/figure>\n<div class=\"wp-block-media-text__content\">\n<h3 class=\"wp-block-heading\">DIEGO ABURTO<\/h3>\n<p><strong>\n<\/strong><\/p>\n<p><strong>Santiago, 1978<\/strong><\/p>\n\n\n<p><span style=\"font-weight: 400;\">Diego Aburto es un pianista y compositor que estudi\u00f3 en la Universidad de Chile y la Escuela de M\u00fasica SCD. Vinculado a la m\u00fasica de tradici\u00f3n escrita y popular, sus composiciones y arreglos han sido grabados por la Orquesta Usach, el grupo de rock Matraz, el d\u00fao Parental y los solistas Miguel Villafruela y Marcelo Stuardo. Tambi\u00e9n ha compuesto y producido m\u00fasica incidental para TV y publicidad, adem\u00e1s de ofrecer conciertos en Chile y el extranjero en colaboraci\u00f3n con artistas del \u00e1mbito cl\u00e1sico y popular. Ha sido profesor en instituciones como Duoc UC, Escuela de M\u00fasica SCD y Universidad Arcis.<\/span><\/p>\n<p><span style=\"font-size: 10pt;\">Foto: Gary Go.<\/span><\/p>\n<\/div>\n<\/div>\n<\/div><\/div>\n","protected":false},"excerpt":{"rendered":"<p>DIEGO ABURTO Santiago, 1978 Diego Aburto es un pianista y compositor que estudi\u00f3 en la Universidad de Chile y la Escuela de M\u00fasica SCD. Vinculado a la m\u00fasica de tradici\u00f3n escrita y popular, sus composiciones y arreglos han sido grabados por la Orquesta Usach, el grupo de rock Matraz, el d\u00fao Parental y los solistas [&hellip;]<\/p>\n","protected":false},"author":1,"featured_media":447,"parent":122,"menu_order":18,"comment_status":"closed","ping_status":"closed","template":"","meta":{"footnotes":""},"class_list":["post-474","page","type-page","status-publish","has-post-thumbnail","hentry"],"_links":{"self":[{"href":"https:\/\/www.aularecords.cl\/wp-json\/wp\/v2\/pages\/474","targetHints":{"allow":["GET"]}}],"collection":[{"href":"https:\/\/www.aularecords.cl\/wp-json\/wp\/v2\/pages"}],"about":[{"href":"https:\/\/www.aularecords.cl\/wp-json\/wp\/v2\/types\/page"}],"author":[{"embeddable":true,"href":"https:\/\/www.aularecords.cl\/wp-json\/wp\/v2\/users\/1"}],"replies":[{"embeddable":true,"href":"https:\/\/www.aularecords.cl\/wp-json\/wp\/v2\/comments?post=474"}],"version-history":[{"count":0,"href":"https:\/\/www.aularecords.cl\/wp-json\/wp\/v2\/pages\/474\/revisions"}],"up":[{"embeddable":true,"href":"https:\/\/www.aularecords.cl\/wp-json\/wp\/v2\/pages\/122"}],"wp:featuredmedia":[{"embeddable":true,"href":"https:\/\/www.aularecords.cl\/wp-json\/wp\/v2\/media\/447"}],"wp:attachment":[{"href":"https:\/\/www.aularecords.cl\/wp-json\/wp\/v2\/media?parent=474"}],"curies":[{"name":"wp","href":"https:\/\/api.w.org\/{rel}","templated":true}]}}