{"id":471,"date":"2025-12-10T15:41:29","date_gmt":"2025-12-10T18:41:29","guid":{"rendered":"https:\/\/www.aularecords.cl\/\/?page_id=471"},"modified":"2025-12-10T15:41:29","modified_gmt":"2025-12-10T18:41:29","slug":"pablo-espinoza","status":"publish","type":"page","link":"https:\/\/www.aularecords.cl\/artistas\/compositores\/pablo-espinoza\/","title":{"rendered":"PABLO ESPINOZA"},"content":{"rendered":"\n<div class=\"wp-block-group\"><div class=\"wp-block-group__inner-container is-layout-constrained wp-block-group-is-layout-constrained\">\n<div class=\"wp-block-media-text is-stacked-on-mobile artista-single\">\n<figure class=\"wp-block-media-text__media\"><img loading=\"lazy\" decoding=\"async\" class=\"alignnone wp-image-449 size-medium\" src=\"https:\/\/www.aularecords.cl\/\/wp-content\/uploads\/2025\/12\/Pablo-Espinoza-x-Gary-Go-scaled-e1765392164316-669x1000.jpg\" alt=\"\" width=\"669\" height=\"1000\" \/><\/figure>\n<div class=\"wp-block-media-text__content\">\n<h3 class=\"wp-block-heading\">PABLO ESPINOZA<\/h3>\n<p><strong>\n<\/strong><\/p>\n<p><strong>Santiago, 1995<\/strong><\/p>\n\n\n<p><span style=\"font-weight: 400;\">Percusionista y compositor con estudios en la Universidad de Chile y la Pontificia Universidad Cat\u00f3lica, Pablo Espinoza se especializ\u00f3 en t\u00e9cnicas contempor\u00e1neas y jazz con Carlos Vera Larrucea. Ha participado en conciertos de la Orquesta Sinf\u00f3nica Nacional de Chile y la Orquesta Usach. Integra el Ensamble de Percusiones Usach, con el que grab\u00f3 el disco <\/span><i><span style=\"font-weight: 400;\">Cantos en memoria de Joane Florvil<\/span><\/i><span style=\"font-weight: 400;\"> y se ha presentado en el Teatro Aula Magna Usach y las Semanas Musicales de Frutillar. En paralelo, fue parte del grupo de m\u00fasica afrocolombiana Adaymu, fund\u00f3 la agrupaci\u00f3n Palerimba y colabor\u00f3 con proyectos como P\u00e1jaros Kiltros, Narval Orquesta y Santiago Royal Jazz Band.<\/span><\/p>\n<p><span style=\"font-size: 10pt;\">Foto: Gary Go.<\/span><\/p>\n<\/div>\n<\/div>\n<\/div><\/div>\n","protected":false},"excerpt":{"rendered":"<p>PABLO ESPINOZA Santiago, 1995 Percusionista y compositor con estudios en la Universidad de Chile y la Pontificia Universidad Cat\u00f3lica, Pablo Espinoza se especializ\u00f3 en t\u00e9cnicas contempor\u00e1neas y jazz con Carlos Vera Larrucea. Ha participado en conciertos de la Orquesta Sinf\u00f3nica Nacional de Chile y la Orquesta Usach. Integra el Ensamble de Percusiones Usach, con el [&hellip;]<\/p>\n","protected":false},"author":1,"featured_media":449,"parent":122,"menu_order":17,"comment_status":"closed","ping_status":"closed","template":"","meta":{"footnotes":""},"class_list":["post-471","page","type-page","status-publish","has-post-thumbnail","hentry"],"_links":{"self":[{"href":"https:\/\/www.aularecords.cl\/wp-json\/wp\/v2\/pages\/471","targetHints":{"allow":["GET"]}}],"collection":[{"href":"https:\/\/www.aularecords.cl\/wp-json\/wp\/v2\/pages"}],"about":[{"href":"https:\/\/www.aularecords.cl\/wp-json\/wp\/v2\/types\/page"}],"author":[{"embeddable":true,"href":"https:\/\/www.aularecords.cl\/wp-json\/wp\/v2\/users\/1"}],"replies":[{"embeddable":true,"href":"https:\/\/www.aularecords.cl\/wp-json\/wp\/v2\/comments?post=471"}],"version-history":[{"count":0,"href":"https:\/\/www.aularecords.cl\/wp-json\/wp\/v2\/pages\/471\/revisions"}],"up":[{"embeddable":true,"href":"https:\/\/www.aularecords.cl\/wp-json\/wp\/v2\/pages\/122"}],"wp:featuredmedia":[{"embeddable":true,"href":"https:\/\/www.aularecords.cl\/wp-json\/wp\/v2\/media\/449"}],"wp:attachment":[{"href":"https:\/\/www.aularecords.cl\/wp-json\/wp\/v2\/media?parent=471"}],"curies":[{"name":"wp","href":"https:\/\/api.w.org\/{rel}","templated":true}]}}