{"id":466,"date":"2025-12-10T15:36:03","date_gmt":"2025-12-10T18:36:03","guid":{"rendered":"https:\/\/www.aularecords.cl\/\/?page_id=466"},"modified":"2025-12-10T15:36:03","modified_gmt":"2025-12-10T18:36:03","slug":"julio-hernaiz","status":"publish","type":"page","link":"https:\/\/www.aularecords.cl\/artistas\/compositores\/julio-hernaiz\/","title":{"rendered":"JULIO HERNAIZ"},"content":{"rendered":"\n<div class=\"wp-block-group\"><div class=\"wp-block-group__inner-container is-layout-constrained wp-block-group-is-layout-constrained\">\n<div class=\"wp-block-media-text is-stacked-on-mobile artista-single\">\n<figure class=\"wp-block-media-text__media\"><img loading=\"lazy\" decoding=\"async\" class=\"alignnone wp-image-450 size-medium\" src=\"https:\/\/www.aularecords.cl\/\/wp-content\/uploads\/2025\/12\/Julio-Hernaiz-x-Gary-Go-1-1-667x1000.jpg\" alt=\"\" width=\"667\" height=\"1000\" \/><\/figure>\n<div class=\"wp-block-media-text__content\">\n<h3 class=\"wp-block-heading\">JULIO HERNAIZ<\/h3>\n<p><strong>\n<\/strong><\/p>\n<p><b>Concepci\u00f3n, 1990<\/b><\/p>\n\n\n<p><span style=\"font-weight: 400;\">Julio Hernaiz estudi\u00f3 contrabajo en el Centro Art\u00edstico Cultural de Concepci\u00f3n, y teor\u00eda y armon\u00eda con Pedro Millar. En la Universidad de Chile tuvo clases con el compositor Fernando Carrasco y la pianista Virna Osses. Tambi\u00e9n fue alumno de Guillermo Rifo. Con Carl Hammond cre\u00f3 La Chile Big Band, que estren\u00f3 piezas originales y arreglos. Con ese ensamble y uno paralelo llamado la Orquesta Popular, ofreci\u00f3 conciertos en Valpara\u00edso, Santiago, O\u2019Higgins, Los R\u00edos y Los Lagos. Sus obras han sido estrenadas por agrupaciones como el Ensamble de Percusi\u00f3n FOJI, Ensamble 440 (Argentina), Orquesta de C\u00e1mara de San Miguel y Orquesta Sinf\u00f3nica Municipal de Copiap\u00f3.<\/span><\/p>\n<p><span style=\"font-size: 10pt;\">Foto: Gary Go.<\/span><\/p>\n<\/div>\n<\/div>\n<\/div><\/div>\n","protected":false},"excerpt":{"rendered":"<p>JULIO HERNAIZ Concepci\u00f3n, 1990 Julio Hernaiz estudi\u00f3 contrabajo en el Centro Art\u00edstico Cultural de Concepci\u00f3n, y teor\u00eda y armon\u00eda con Pedro Millar. En la Universidad de Chile tuvo clases con el compositor Fernando Carrasco y la pianista Virna Osses. Tambi\u00e9n fue alumno de Guillermo Rifo. Con Carl Hammond cre\u00f3 La Chile Big Band, que estren\u00f3 [&hellip;]<\/p>\n","protected":false},"author":1,"featured_media":450,"parent":122,"menu_order":15,"comment_status":"closed","ping_status":"closed","template":"","meta":{"footnotes":""},"class_list":["post-466","page","type-page","status-publish","has-post-thumbnail","hentry"],"_links":{"self":[{"href":"https:\/\/www.aularecords.cl\/wp-json\/wp\/v2\/pages\/466","targetHints":{"allow":["GET"]}}],"collection":[{"href":"https:\/\/www.aularecords.cl\/wp-json\/wp\/v2\/pages"}],"about":[{"href":"https:\/\/www.aularecords.cl\/wp-json\/wp\/v2\/types\/page"}],"author":[{"embeddable":true,"href":"https:\/\/www.aularecords.cl\/wp-json\/wp\/v2\/users\/1"}],"replies":[{"embeddable":true,"href":"https:\/\/www.aularecords.cl\/wp-json\/wp\/v2\/comments?post=466"}],"version-history":[{"count":0,"href":"https:\/\/www.aularecords.cl\/wp-json\/wp\/v2\/pages\/466\/revisions"}],"up":[{"embeddable":true,"href":"https:\/\/www.aularecords.cl\/wp-json\/wp\/v2\/pages\/122"}],"wp:featuredmedia":[{"embeddable":true,"href":"https:\/\/www.aularecords.cl\/wp-json\/wp\/v2\/media\/450"}],"wp:attachment":[{"href":"https:\/\/www.aularecords.cl\/wp-json\/wp\/v2\/media?parent=466"}],"curies":[{"name":"wp","href":"https:\/\/api.w.org\/{rel}","templated":true}]}}