{"id":464,"date":"2025-12-10T15:31:36","date_gmt":"2025-12-10T18:31:36","guid":{"rendered":"https:\/\/www.aularecords.cl\/\/?page_id=464"},"modified":"2025-12-10T15:31:36","modified_gmt":"2025-12-10T18:31:36","slug":"claudio-perez-llaiquel","status":"publish","type":"page","link":"https:\/\/www.aularecords.cl\/artistas\/compositores\/claudio-perez-llaiquel\/","title":{"rendered":"CLAUDIO P\u00c9REZ LLAIQUEL"},"content":{"rendered":"\n<div class=\"wp-block-group\"><div class=\"wp-block-group__inner-container is-layout-constrained wp-block-group-is-layout-constrained\">\n<div class=\"wp-block-media-text is-stacked-on-mobile artista-single\">\n<figure class=\"wp-block-media-text__media\"><img loading=\"lazy\" decoding=\"async\" class=\"alignnone wp-image-446 size-medium\" src=\"https:\/\/www.aularecords.cl\/\/wp-content\/uploads\/2025\/12\/Claudio-Perez-Llaiquel-x-Mila-Belen-3-e1765391458919-668x1000.jpg\" alt=\"\" width=\"668\" height=\"1000\" \/><\/figure>\n<div class=\"wp-block-media-text__content\">\n<h3 class=\"wp-block-heading\">CLAUDIO P\u00c9REZ LLAIQUEL<\/h3>\n<p><strong>\n<\/strong><\/p>\n<p><b>Queilen, 1982<\/b><\/p>\n\n\n<p><span style=\"font-weight: 400;\">M\u00fasica popular y tradici\u00f3n escrita se conjugan en las piezas que Claudio P\u00e9rez Llaiquel ha compuesto para solistas, cuartetos de cuerdas, ensambles de jazz, musicalizaciones de poes\u00eda y producciones audiovisuales. Se form\u00f3 como compositor en la Escuela Moderna de M\u00fasica y como director con Guillermo Rifo. Ense\u00f1\u00f3 piano en la Academia de Artes Islas al Sur, dirigi\u00f3 la Orquesta Juvenil de Castro y fue parte de Anklaje, grupo dedicado a la fusi\u00f3n \u00e9tnica, el jazz y la m\u00fasica contempor\u00e1nea. Su nutrida discograf\u00eda incluye dos t\u00edtulos editados por Aula Records: <\/span><i><span style=\"font-weight: 400;\">Fewla <\/span><\/i><span style=\"font-weight: 400;\">(2022), grabado por ensambles de c\u00e1mara de la Orquesta Usach e inspirado en <\/span><i><span style=\"font-weight: 400;\">De Indias<\/span><\/i><span style=\"font-weight: 400;\">, del poeta chilote Nelson Torres; y <\/span><i><span style=\"font-weight: 400;\">Perico trepa por Chile<\/span><\/i><span style=\"font-weight: 400;\">, musicalizaci\u00f3n de la novela infantil adaptada por Mar\u00eda Izquierdo e interpretada por el Quinteto Metropolitano de Vientos.<\/span><\/p>\n<p><span style=\"font-size: 10pt;\">Foto: Mila Bel\u00e9n.<\/span><\/p>\n<\/div>\n<\/div>\n<\/div><\/div>\n","protected":false},"excerpt":{"rendered":"<p>CLAUDIO P\u00c9REZ LLAIQUEL Queilen, 1982 M\u00fasica popular y tradici\u00f3n escrita se conjugan en las piezas que Claudio P\u00e9rez Llaiquel ha compuesto para solistas, cuartetos de cuerdas, ensambles de jazz, musicalizaciones de poes\u00eda y producciones audiovisuales. Se form\u00f3 como compositor en la Escuela Moderna de M\u00fasica y como director con Guillermo Rifo. Ense\u00f1\u00f3 piano en la [&hellip;]<\/p>\n","protected":false},"author":1,"featured_media":446,"parent":122,"menu_order":14,"comment_status":"closed","ping_status":"closed","template":"","meta":{"footnotes":""},"class_list":["post-464","page","type-page","status-publish","has-post-thumbnail","hentry"],"_links":{"self":[{"href":"https:\/\/www.aularecords.cl\/wp-json\/wp\/v2\/pages\/464","targetHints":{"allow":["GET"]}}],"collection":[{"href":"https:\/\/www.aularecords.cl\/wp-json\/wp\/v2\/pages"}],"about":[{"href":"https:\/\/www.aularecords.cl\/wp-json\/wp\/v2\/types\/page"}],"author":[{"embeddable":true,"href":"https:\/\/www.aularecords.cl\/wp-json\/wp\/v2\/users\/1"}],"replies":[{"embeddable":true,"href":"https:\/\/www.aularecords.cl\/wp-json\/wp\/v2\/comments?post=464"}],"version-history":[{"count":0,"href":"https:\/\/www.aularecords.cl\/wp-json\/wp\/v2\/pages\/464\/revisions"}],"up":[{"embeddable":true,"href":"https:\/\/www.aularecords.cl\/wp-json\/wp\/v2\/pages\/122"}],"wp:featuredmedia":[{"embeddable":true,"href":"https:\/\/www.aularecords.cl\/wp-json\/wp\/v2\/media\/446"}],"wp:attachment":[{"href":"https:\/\/www.aularecords.cl\/wp-json\/wp\/v2\/media?parent=464"}],"curies":[{"name":"wp","href":"https:\/\/api.w.org\/{rel}","templated":true}]}}