{"id":462,"date":"2025-12-10T15:29:30","date_gmt":"2025-12-10T18:29:30","guid":{"rendered":"https:\/\/www.aularecords.cl\/\/?page_id=462"},"modified":"2025-12-10T15:29:30","modified_gmt":"2025-12-10T18:29:30","slug":"valeria-valle","status":"publish","type":"page","link":"https:\/\/www.aularecords.cl\/artistas\/compositores\/valeria-valle\/","title":{"rendered":"VALERIA VALLE"},"content":{"rendered":"\n<div class=\"wp-block-group\"><div class=\"wp-block-group__inner-container is-layout-constrained wp-block-group-is-layout-constrained\">\n<div class=\"wp-block-media-text is-stacked-on-mobile artista-single\">\n<figure class=\"wp-block-media-text__media\"><img loading=\"lazy\" decoding=\"async\" class=\"alignnone wp-image-445 size-medium\" src=\"https:\/\/www.aularecords.cl\/\/wp-content\/uploads\/2025\/12\/Valeria-Valle-x-Mila-Belen-e1765391354215-665x1000.jpeg\" alt=\"\" width=\"665\" height=\"1000\" \/><\/figure>\n<div class=\"wp-block-media-text__content\">\n<h3 class=\"wp-block-heading\">VALERIA VALLE<\/h3>\n<p><strong>\n<\/strong><\/p>\n<p><b>Valpara\u00edso, 1979<\/b><\/p>\n\n\n<p><span style=\"font-weight: 400;\">Compositora, gestora, productora y acad\u00e9mica de la Pontificia Universidad Cat\u00f3lica de Valpara\u00edso y la Universidad Alberto Hurtado, Valeria Valle tambi\u00e9n es cofundadora del colectivo Resonancia Femenina, que recibi\u00f3 el Classical Next Innovation Award en Pa\u00edses Bajos (2019). Integra la Academia de Grabaci\u00f3n Latin Grammy y el Consejo de la M\u00fasica Nacional del Ministerio de las Culturas, las Artes y el Patrimonio. Se form\u00f3 en Pedagog\u00eda y Licenciatura en M\u00fasica en la PUCV y estudi\u00f3 un Mag\u00edster en Composici\u00f3n en la Universidad de Chile. Particip\u00f3 en conciertos, festivales y encuentros en Chile y el extranjero y public\u00f3 tres discos de composiciones propias. Es investigadora del Programa de Observaci\u00f3n de los Ecosistemas Terrestres y Acu\u00e1ticos de la Fundaci\u00f3n San Ignacio del Huinay, que fomenta la divulgaci\u00f3n cient\u00edfica en las artes.<\/span><\/p>\n<p><span style=\"font-size: 10pt;\">Foto: Mila Bel\u00e9n.<\/span><\/p>\n<\/div>\n<\/div>\n<\/div><\/div>\n","protected":false},"excerpt":{"rendered":"<p>VALERIA VALLE Valpara\u00edso, 1979 Compositora, gestora, productora y acad\u00e9mica de la Pontificia Universidad Cat\u00f3lica de Valpara\u00edso y la Universidad Alberto Hurtado, Valeria Valle tambi\u00e9n es cofundadora del colectivo Resonancia Femenina, que recibi\u00f3 el Classical Next Innovation Award en Pa\u00edses Bajos (2019). Integra la Academia de Grabaci\u00f3n Latin Grammy y el Consejo de la M\u00fasica Nacional [&hellip;]<\/p>\n","protected":false},"author":1,"featured_media":445,"parent":122,"menu_order":13,"comment_status":"closed","ping_status":"closed","template":"","meta":{"footnotes":""},"class_list":["post-462","page","type-page","status-publish","has-post-thumbnail","hentry"],"_links":{"self":[{"href":"https:\/\/www.aularecords.cl\/wp-json\/wp\/v2\/pages\/462","targetHints":{"allow":["GET"]}}],"collection":[{"href":"https:\/\/www.aularecords.cl\/wp-json\/wp\/v2\/pages"}],"about":[{"href":"https:\/\/www.aularecords.cl\/wp-json\/wp\/v2\/types\/page"}],"author":[{"embeddable":true,"href":"https:\/\/www.aularecords.cl\/wp-json\/wp\/v2\/users\/1"}],"replies":[{"embeddable":true,"href":"https:\/\/www.aularecords.cl\/wp-json\/wp\/v2\/comments?post=462"}],"version-history":[{"count":0,"href":"https:\/\/www.aularecords.cl\/wp-json\/wp\/v2\/pages\/462\/revisions"}],"up":[{"embeddable":true,"href":"https:\/\/www.aularecords.cl\/wp-json\/wp\/v2\/pages\/122"}],"wp:featuredmedia":[{"embeddable":true,"href":"https:\/\/www.aularecords.cl\/wp-json\/wp\/v2\/media\/445"}],"wp:attachment":[{"href":"https:\/\/www.aularecords.cl\/wp-json\/wp\/v2\/media?parent=462"}],"curies":[{"name":"wp","href":"https:\/\/api.w.org\/{rel}","templated":true}]}}