{"id":442,"date":"2025-12-10T15:25:11","date_gmt":"2025-12-10T18:25:11","guid":{"rendered":"https:\/\/www.aularecords.cl\/\/?page_id=442"},"modified":"2025-12-10T15:25:11","modified_gmt":"2025-12-10T18:25:11","slug":"katherine-bachmann","status":"publish","type":"page","link":"https:\/\/www.aularecords.cl\/artistas\/compositores\/katherine-bachmann\/","title":{"rendered":"KATHERINE BACHMANN"},"content":{"rendered":"\n<div class=\"wp-block-group\"><div class=\"wp-block-group__inner-container is-layout-constrained wp-block-group-is-layout-constrained\">\n<div class=\"wp-block-media-text is-stacked-on-mobile artista-single\">\n<figure class=\"wp-block-media-text__media\"><img loading=\"lazy\" decoding=\"async\" class=\"alignnone wp-image-443 size-medium\" src=\"https:\/\/www.aularecords.cl\/\/wp-content\/uploads\/2025\/12\/Katherine-Bachmann-x-Mila-Belen-e1765391094713-667x1000.jpeg\" alt=\"\" width=\"667\" height=\"1000\" \/><\/figure>\n<div class=\"wp-block-media-text__content\">\n<h3 class=\"wp-block-heading\">KATHERINE BACHMANN<\/h3>\n<p><strong>\n<\/strong><\/p>\n<p><b>Valdivia, 1983<\/b><\/p>\n\n\n<p><span style=\"font-weight: 400;\">Compositora con estudios en la Pontificia Universidad Cat\u00f3lica de Valpara\u00edso y la Universidad de Chile, Katherine Bachmann estren\u00f3 obras en festivales y temporadas de concierto, en Chile y el extranjero, para orquesta y conjuntos de c\u00e1mara. Desde 2013 es parte del colectivo Resonancia Femenina, con el que grab\u00f3 discos, organiz\u00f3 conciertos y produjo el Festival Internacional de Mujeres en la M\u00fasica Leni Alexander. En 2019, su agrupaci\u00f3n recibi\u00f3 el Classical Next Innovation Award, en Pa\u00edses Bajos. Particip\u00f3 en diversas instancias para difundir la m\u00fasica creada por mujeres y tambi\u00e9n fue bajista y vocalista de la banda Cajitas Rectangulares.<\/span><\/p>\n<p><span style=\"font-size: 10pt;\">Foto: Mila Bel\u00e9n.<\/span><\/p>\n<\/div>\n<\/div>\n<\/div><\/div>\n","protected":false},"excerpt":{"rendered":"<p>KATHERINE BACHMANN Valdivia, 1983 Compositora con estudios en la Pontificia Universidad Cat\u00f3lica de Valpara\u00edso y la Universidad de Chile, Katherine Bachmann estren\u00f3 obras en festivales y temporadas de concierto, en Chile y el extranjero, para orquesta y conjuntos de c\u00e1mara. Desde 2013 es parte del colectivo Resonancia Femenina, con el que grab\u00f3 discos, organiz\u00f3 conciertos [&hellip;]<\/p>\n","protected":false},"author":1,"featured_media":443,"parent":122,"menu_order":11,"comment_status":"closed","ping_status":"closed","template":"","meta":{"footnotes":""},"class_list":["post-442","page","type-page","status-publish","has-post-thumbnail","hentry"],"_links":{"self":[{"href":"https:\/\/www.aularecords.cl\/wp-json\/wp\/v2\/pages\/442","targetHints":{"allow":["GET"]}}],"collection":[{"href":"https:\/\/www.aularecords.cl\/wp-json\/wp\/v2\/pages"}],"about":[{"href":"https:\/\/www.aularecords.cl\/wp-json\/wp\/v2\/types\/page"}],"author":[{"embeddable":true,"href":"https:\/\/www.aularecords.cl\/wp-json\/wp\/v2\/users\/1"}],"replies":[{"embeddable":true,"href":"https:\/\/www.aularecords.cl\/wp-json\/wp\/v2\/comments?post=442"}],"version-history":[{"count":0,"href":"https:\/\/www.aularecords.cl\/wp-json\/wp\/v2\/pages\/442\/revisions"}],"up":[{"embeddable":true,"href":"https:\/\/www.aularecords.cl\/wp-json\/wp\/v2\/pages\/122"}],"wp:featuredmedia":[{"embeddable":true,"href":"https:\/\/www.aularecords.cl\/wp-json\/wp\/v2\/media\/443"}],"wp:attachment":[{"href":"https:\/\/www.aularecords.cl\/wp-json\/wp\/v2\/media?parent=442"}],"curies":[{"name":"wp","href":"https:\/\/api.w.org\/{rel}","templated":true}]}}