{"id":439,"date":"2025-12-10T15:11:17","date_gmt":"2025-12-10T18:11:17","guid":{"rendered":"https:\/\/www.aularecords.cl\/\/?page_id=439"},"modified":"2025-12-10T15:11:17","modified_gmt":"2025-12-10T18:11:17","slug":"leandro-ragusa","status":"publish","type":"page","link":"https:\/\/www.aularecords.cl\/artistas\/compositores\/leandro-ragusa\/","title":{"rendered":"LEANDRO RAGUSA"},"content":{"rendered":"\n<div class=\"wp-block-group\"><div class=\"wp-block-group__inner-container is-layout-constrained wp-block-group-is-layout-constrained\">\n<div class=\"wp-block-media-text is-stacked-on-mobile artista-single\">\n<figure class=\"wp-block-media-text__media\"><img loading=\"lazy\" decoding=\"async\" class=\"alignnone wp-image-440 size-full\" src=\"https:\/\/www.aularecords.cl\/\/wp-content\/uploads\/2025\/12\/Leandro-Ragusa-x-Matias-Fiumani-e1765390245513.jpg\" alt=\"\" width=\"609\" height=\"914\" srcset=\"https:\/\/www.aularecords.cl\/wp-content\/uploads\/2025\/12\/Leandro-Ragusa-x-Matias-Fiumani-e1765390245513.jpg 609w, https:\/\/www.aularecords.cl\/wp-content\/uploads\/2025\/12\/Leandro-Ragusa-x-Matias-Fiumani-e1765390245513-600x900.jpg 600w, https:\/\/www.aularecords.cl\/wp-content\/uploads\/2025\/12\/Leandro-Ragusa-x-Matias-Fiumani-e1765390245513-200x300.jpg 200w\" sizes=\"auto, (max-width: 609px) 100vw, 609px\" \/><\/figure>\n<div class=\"wp-block-media-text__content\">\n<h3 class=\"wp-block-heading\">LEANDRO RAGUSA<\/h3>\n<p><strong>\n<\/strong><\/p>\n<p><b>Buenos Aires, 1974<\/b><\/p>\n\n\n<p><span style=\"font-weight: 400;\">Compositor, bandoneonista y director, Leandro Ragusa actu\u00f3 en Buenos Aires, Nueva York, Filadelfia, Montreal y Nagasaki. Ha tocado con Paquito D\u2019Rivera, Diego Urcola y Cacho Tirao. Fue parte del grupo Tanghetto, nominado en diversas ocasiones al Grammy Latino; fundador del Underground Tango Ensemble de Nueva York; y director de la Orquesta de Tango La Guardia Imperial, con la que se present\u00f3 en el Lincoln Center. Como solista o en colaboraciones, ha grabado casi una decena de discos. Sus obras han sido comisionadas por ensambles como Sylvan Winds (Nueva York), Choros (Montreal) y Arrhythmia Quartet (Alabama). Fue docente en la Universidad del Tango de Buenos Aires y en la Escuela de M\u00fasica Popular, Luj\u00e1n. Cofund\u00f3 el Foro de Estudios Culturales Argentinos.<\/span><\/p>\n<p><span style=\"font-size: 10pt;\">Foto: Mat\u00edas Fiumani.<\/span><\/p>\n<\/div>\n<\/div>\n<\/div><\/div>\n","protected":false},"excerpt":{"rendered":"<p>LEANDRO RAGUSA Buenos Aires, 1974 Compositor, bandoneonista y director, Leandro Ragusa actu\u00f3 en Buenos Aires, Nueva York, Filadelfia, Montreal y Nagasaki. Ha tocado con Paquito D\u2019Rivera, Diego Urcola y Cacho Tirao. Fue parte del grupo Tanghetto, nominado en diversas ocasiones al Grammy Latino; fundador del Underground Tango Ensemble de Nueva York; y director de la [&hellip;]<\/p>\n","protected":false},"author":1,"featured_media":440,"parent":122,"menu_order":10,"comment_status":"closed","ping_status":"closed","template":"","meta":{"footnotes":""},"class_list":["post-439","page","type-page","status-publish","has-post-thumbnail","hentry"],"_links":{"self":[{"href":"https:\/\/www.aularecords.cl\/wp-json\/wp\/v2\/pages\/439","targetHints":{"allow":["GET"]}}],"collection":[{"href":"https:\/\/www.aularecords.cl\/wp-json\/wp\/v2\/pages"}],"about":[{"href":"https:\/\/www.aularecords.cl\/wp-json\/wp\/v2\/types\/page"}],"author":[{"embeddable":true,"href":"https:\/\/www.aularecords.cl\/wp-json\/wp\/v2\/users\/1"}],"replies":[{"embeddable":true,"href":"https:\/\/www.aularecords.cl\/wp-json\/wp\/v2\/comments?post=439"}],"version-history":[{"count":0,"href":"https:\/\/www.aularecords.cl\/wp-json\/wp\/v2\/pages\/439\/revisions"}],"up":[{"embeddable":true,"href":"https:\/\/www.aularecords.cl\/wp-json\/wp\/v2\/pages\/122"}],"wp:featuredmedia":[{"embeddable":true,"href":"https:\/\/www.aularecords.cl\/wp-json\/wp\/v2\/media\/440"}],"wp:attachment":[{"href":"https:\/\/www.aularecords.cl\/wp-json\/wp\/v2\/media?parent=439"}],"curies":[{"name":"wp","href":"https:\/\/api.w.org\/{rel}","templated":true}]}}