{"id":435,"date":"2025-12-10T15:07:59","date_gmt":"2025-12-10T18:07:59","guid":{"rendered":"https:\/\/www.aularecords.cl\/\/?page_id=435"},"modified":"2025-12-10T15:07:59","modified_gmt":"2025-12-10T18:07:59","slug":"carlomarco","status":"publish","type":"page","link":"https:\/\/www.aularecords.cl\/artistas\/compositores\/carlomarco\/","title":{"rendered":"CARLOMARCO"},"content":{"rendered":"\n<div class=\"wp-block-group\"><div class=\"wp-block-group__inner-container is-layout-constrained wp-block-group-is-layout-constrained\">\n<div class=\"wp-block-media-text is-stacked-on-mobile artista-single\">\n<figure class=\"wp-block-media-text__media\"><img loading=\"lazy\" decoding=\"async\" class=\"alignnone wp-image-436 size-medium\" src=\"https:\/\/www.aularecords.cl\/\/wp-content\/uploads\/2025\/12\/AR010-Carlomarco-x-Humberto-Espinoza-e1765390066243-753x1000.jpg\" alt=\"\" width=\"753\" height=\"1000\" \/><\/figure>\n<div class=\"wp-block-media-text__content\">\n<h3 class=\"wp-block-heading\">CARLOMARCO<\/h3>\n<p><strong>\n<\/strong><\/p>\n<p><b>Santiago, 1986<\/b><\/p>\n\n\n<p><span style=\"font-weight: 400;\">DJ y productor, Federico Palma destac\u00f3 desde 2015 por conjugar m\u00fasica experimental y electr\u00f3nica con elementos tradicionales y contempor\u00e1neos de la cultura africana. Public\u00f3 EP y remezclas en torno a esos sonidos y fue el principal gestor de NOAF, ciclo de fiestas dedicado a esas sonoridades, que ha transitado por diversos espacios de Santiago. Tambi\u00e9n ha trabajado en el d\u00fao de m\u00fasica electr\u00f3nica Merci &amp; Marco, junto al productor Mart\u00edn P\u00e9rez-Roa.<\/span><\/p>\n<p><span style=\"font-size: 10pt;\">Foto: Humberto Espinoza.<\/span><\/p>\n<\/div>\n<\/div>\n<\/div><\/div>\n","protected":false},"excerpt":{"rendered":"<p>CARLOMARCO Santiago, 1986 DJ y productor, Federico Palma destac\u00f3 desde 2015 por conjugar m\u00fasica experimental y electr\u00f3nica con elementos tradicionales y contempor\u00e1neos de la cultura africana. Public\u00f3 EP y remezclas en torno a esos sonidos y fue el principal gestor de NOAF, ciclo de fiestas dedicado a esas sonoridades, que ha transitado por diversos espacios [&hellip;]<\/p>\n","protected":false},"author":1,"featured_media":436,"parent":122,"menu_order":9,"comment_status":"closed","ping_status":"closed","template":"","meta":{"footnotes":""},"class_list":["post-435","page","type-page","status-publish","has-post-thumbnail","hentry"],"_links":{"self":[{"href":"https:\/\/www.aularecords.cl\/wp-json\/wp\/v2\/pages\/435","targetHints":{"allow":["GET"]}}],"collection":[{"href":"https:\/\/www.aularecords.cl\/wp-json\/wp\/v2\/pages"}],"about":[{"href":"https:\/\/www.aularecords.cl\/wp-json\/wp\/v2\/types\/page"}],"author":[{"embeddable":true,"href":"https:\/\/www.aularecords.cl\/wp-json\/wp\/v2\/users\/1"}],"replies":[{"embeddable":true,"href":"https:\/\/www.aularecords.cl\/wp-json\/wp\/v2\/comments?post=435"}],"version-history":[{"count":0,"href":"https:\/\/www.aularecords.cl\/wp-json\/wp\/v2\/pages\/435\/revisions"}],"up":[{"embeddable":true,"href":"https:\/\/www.aularecords.cl\/wp-json\/wp\/v2\/pages\/122"}],"wp:featuredmedia":[{"embeddable":true,"href":"https:\/\/www.aularecords.cl\/wp-json\/wp\/v2\/media\/436"}],"wp:attachment":[{"href":"https:\/\/www.aularecords.cl\/wp-json\/wp\/v2\/media?parent=435"}],"curies":[{"name":"wp","href":"https:\/\/api.w.org\/{rel}","templated":true}]}}