{"id":427,"date":"2025-12-10T14:58:11","date_gmt":"2025-12-10T17:58:11","guid":{"rendered":"https:\/\/www.aularecords.cl\/\/?page_id=427"},"modified":"2025-12-10T14:58:11","modified_gmt":"2025-12-10T17:58:11","slug":"esteban-correa","status":"publish","type":"page","link":"https:\/\/www.aularecords.cl\/artistas\/compositores\/esteban-correa\/","title":{"rendered":"ESTEBAN CORREA"},"content":{"rendered":"\n<div class=\"wp-block-group\"><div class=\"wp-block-group__inner-container is-layout-constrained wp-block-group-is-layout-constrained\">\n<div class=\"wp-block-media-text is-stacked-on-mobile artista-single\">\n<figure class=\"wp-block-media-text__media\"><img loading=\"lazy\" decoding=\"async\" class=\"alignnone wp-image-428 size-medium\" src=\"https:\/\/www.aularecords.cl\/\/wp-content\/uploads\/2025\/12\/AR007-Esteban-Correa-autorretrato-scaled-e1765388963190-680x1000.jpg\" alt=\"\" width=\"680\" height=\"1000\" \/><\/figure>\n<div class=\"wp-block-media-text__content\">\n<h3 class=\"wp-block-heading\">ESTEBAN CORREA<\/h3>\n<p><strong>\n<\/strong><\/p>\n<p><b>Ovalle, 1979<\/b><\/p>\n\n\n<p><span style=\"font-weight: 400;\">Esteban Correa es profesor de Estado en Educaci\u00f3n Musical de la Universidad de La Serena, Licenciado en M\u00fasica con menci\u00f3n Composici\u00f3n y Mag\u00edster en Artes de la Pontificia Universidad Cat\u00f3lica de Chile. Es acad\u00e9mico de la Universidad de La Serena y ha compuesto m\u00e1s de 40 piezas para orquesta, ensambles y solistas, presentadas en Am\u00e9rica, Europa y Asia. Orquestas como la Sinf\u00f3nica Nacional de Chile, Orquesta de C\u00e1mara de Chile y Orquesta Usach han encargado y ejecutado sus obras. Cofundador del ensamble Taller de Lejos, dirigi\u00f3 el festival Musicahora y ha sido nominado en varias ediciones de los Premios Pulsar. Ha publicado discos como <\/span><i><span style=\"font-weight: 400;\">Cantos transversales <\/span><\/i><span style=\"font-weight: 400;\">(2015) y <\/span><i><span style=\"font-weight: 400;\">Signo macizo <\/span><\/i><span style=\"font-weight: 400;\">(2018), y junto al tr\u00edo Septiembre edit\u00f3 <\/span><i><span style=\"font-weight: 400;\">La pacificaci\u00f3n de Chile<\/span><\/i><span style=\"font-weight: 400;\"> (2014) y <\/span><i><span style=\"font-weight: 400;\">Semilla inadvertida<\/span><\/i><span style=\"font-weight: 400;\"> (2011). Tambi\u00e9n es coautor del libro y disco <\/span><i><span style=\"font-weight: 400;\">Los cantos del secano <\/span><\/i><span style=\"font-weight: 400;\">(2017).\u00a0<\/span><\/p>\n<p><span style=\"font-size: 10pt;\">Foto: Archivo.<\/span><\/p>\n<\/div>\n<\/div>\n<\/div><\/div>\n","protected":false},"excerpt":{"rendered":"<p>ESTEBAN CORREA Ovalle, 1979 Esteban Correa es profesor de Estado en Educaci\u00f3n Musical de la Universidad de La Serena, Licenciado en M\u00fasica con menci\u00f3n Composici\u00f3n y Mag\u00edster en Artes de la Pontificia Universidad Cat\u00f3lica de Chile. Es acad\u00e9mico de la Universidad de La Serena y ha compuesto m\u00e1s de 40 piezas para orquesta, ensambles y [&hellip;]<\/p>\n","protected":false},"author":1,"featured_media":428,"parent":122,"menu_order":7,"comment_status":"closed","ping_status":"closed","template":"","meta":{"footnotes":""},"class_list":["post-427","page","type-page","status-publish","has-post-thumbnail","hentry"],"_links":{"self":[{"href":"https:\/\/www.aularecords.cl\/wp-json\/wp\/v2\/pages\/427","targetHints":{"allow":["GET"]}}],"collection":[{"href":"https:\/\/www.aularecords.cl\/wp-json\/wp\/v2\/pages"}],"about":[{"href":"https:\/\/www.aularecords.cl\/wp-json\/wp\/v2\/types\/page"}],"author":[{"embeddable":true,"href":"https:\/\/www.aularecords.cl\/wp-json\/wp\/v2\/users\/1"}],"replies":[{"embeddable":true,"href":"https:\/\/www.aularecords.cl\/wp-json\/wp\/v2\/comments?post=427"}],"version-history":[{"count":0,"href":"https:\/\/www.aularecords.cl\/wp-json\/wp\/v2\/pages\/427\/revisions"}],"up":[{"embeddable":true,"href":"https:\/\/www.aularecords.cl\/wp-json\/wp\/v2\/pages\/122"}],"wp:featuredmedia":[{"embeddable":true,"href":"https:\/\/www.aularecords.cl\/wp-json\/wp\/v2\/media\/428"}],"wp:attachment":[{"href":"https:\/\/www.aularecords.cl\/wp-json\/wp\/v2\/media?parent=427"}],"curies":[{"name":"wp","href":"https:\/\/api.w.org\/{rel}","templated":true}]}}