{"id":362,"date":"2025-12-04T03:25:50","date_gmt":"2025-12-04T06:25:50","guid":{"rendered":"https:\/\/www.aularecords.cl\/\/?page_id=362"},"modified":"2025-12-04T03:25:50","modified_gmt":"2025-12-04T06:25:50","slug":"juan-manuel-quinteros","status":"publish","type":"page","link":"https:\/\/www.aularecords.cl\/artistas\/compositores\/juan-manuel-quinteros\/","title":{"rendered":"JUAN MANUEL QUINTEROS"},"content":{"rendered":"\n<div class=\"wp-block-group\"><div class=\"wp-block-group__inner-container is-layout-constrained wp-block-group-is-layout-constrained\">\n<div class=\"wp-block-media-text is-stacked-on-mobile artista-single\">\n<figure class=\"wp-block-media-text__media\"><img decoding=\"async\" class=\"wp-image-364 size-full\" src=\"https:\/\/www.aularecords.cl\/\/wp-content\/uploads\/2025\/12\/AR002-Juan-Manuel-Quinteros-1333x2000.jpg\" alt=\"\" \/><\/figure>\n<div class=\"wp-block-media-text__content\">\n<p><strong>JUAN MANUEL QUINTEROS<\/strong><\/p>\n<p><strong>Santiago, 1982<\/strong><\/p>\n\n\n<p>Formado en el Liceo de M\u00fasica de Copiap\u00f3 y la Universidad de Chile, donde luego fue docente, Juan Manuel Quinteros escribi\u00f3 obras de c\u00e1mara y orquesta y recibi\u00f3 m\u00faltiples nominaciones a los Premios Pulsar. Sus creaciones han sido encargadas, estrenadas y ejecutadas en ciudades de Europa y Am\u00e9rica por el New York New Music Ensemble, el Ensamble Aleph, la Orquesta Sinf\u00f3nica Nacional de Chile y la Orquesta Usach, entre otras agrupaciones. En 2019, el Centro de Astrof\u00edsica y Tecnolog\u00edas Afines (CATA) y el Ensamble Compa\u00f1\u00eda de M\u00fasica Contempor\u00e1nea le encargaron <em>128 segundos de Umbra<\/em>, una obra para musicalizar en tiempo real el eclipse de sol ocurrido ese a\u00f1o en Chile, estrenada durante la charla del astr\u00f3nomo Jos\u00e9 Maza en el Estadio La Portada de La Serena. En paralelo, fue vocalista y guitarrista de Kintral, grupo de rock que fund\u00f3 a finales de los 90.<\/p>\n<p><span style=\"font-size: 10pt;\">Foto: Ram\u00f3n Poveda Arriati.<\/span><\/p>\n<\/div>\n<\/div>\n<\/div><\/div>\n","protected":false},"excerpt":{"rendered":"<p>JUAN MANUEL QUINTEROS Santiago, 1982 Formado en el Liceo de M\u00fasica de Copiap\u00f3 y la Universidad de Chile, donde luego fue docente, Juan Manuel Quinteros escribi\u00f3 obras de c\u00e1mara y orquesta y recibi\u00f3 m\u00faltiples nominaciones a los Premios Pulsar. Sus creaciones han sido encargadas, estrenadas y ejecutadas en ciudades de Europa y Am\u00e9rica por el [&hellip;]<\/p>\n","protected":false},"author":1,"featured_media":364,"parent":122,"menu_order":1,"comment_status":"closed","ping_status":"closed","template":"","meta":{"footnotes":""},"class_list":["post-362","page","type-page","status-publish","has-post-thumbnail","hentry"],"_links":{"self":[{"href":"https:\/\/www.aularecords.cl\/wp-json\/wp\/v2\/pages\/362","targetHints":{"allow":["GET"]}}],"collection":[{"href":"https:\/\/www.aularecords.cl\/wp-json\/wp\/v2\/pages"}],"about":[{"href":"https:\/\/www.aularecords.cl\/wp-json\/wp\/v2\/types\/page"}],"author":[{"embeddable":true,"href":"https:\/\/www.aularecords.cl\/wp-json\/wp\/v2\/users\/1"}],"replies":[{"embeddable":true,"href":"https:\/\/www.aularecords.cl\/wp-json\/wp\/v2\/comments?post=362"}],"version-history":[{"count":0,"href":"https:\/\/www.aularecords.cl\/wp-json\/wp\/v2\/pages\/362\/revisions"}],"up":[{"embeddable":true,"href":"https:\/\/www.aularecords.cl\/wp-json\/wp\/v2\/pages\/122"}],"wp:featuredmedia":[{"embeddable":true,"href":"https:\/\/www.aularecords.cl\/wp-json\/wp\/v2\/media\/364"}],"wp:attachment":[{"href":"https:\/\/www.aularecords.cl\/wp-json\/wp\/v2\/media?parent=362"}],"curies":[{"name":"wp","href":"https:\/\/api.w.org\/{rel}","templated":true}]}}