{"id":356,"date":"2025-12-04T03:19:32","date_gmt":"2025-12-04T06:19:32","guid":{"rendered":"https:\/\/www.aularecords.cl\/\/?page_id=356"},"modified":"2025-12-04T03:19:32","modified_gmt":"2025-12-04T06:19:32","slug":"jorge-pepi-alos","status":"publish","type":"page","link":"https:\/\/www.aularecords.cl\/artistas\/compositores\/jorge-pepi-alos\/","title":{"rendered":"JORGE PEPI-ALOS"},"content":{"rendered":"\n<div class=\"wp-block-group\"><div class=\"wp-block-group__inner-container is-layout-constrained wp-block-group-is-layout-constrained\">\n<div class=\"wp-block-media-text is-stacked-on-mobile artista-single\">\n<figure class=\"wp-block-media-text__media\"><img decoding=\"async\" class=\"wp-image-357 size-full\" src=\"https:\/\/www.aularecords.cl\/\/wp-content\/uploads\/2025\/12\/AR001-Jorge-Pepi-Alos-x-Gary-Go-1333x2000.jpg\" alt=\"\" \/><\/figure>\n<div class=\"wp-block-media-text__content\">\n<h3 class=\"wp-block-heading\">JORGE PEPI-ALOS<\/h3>\n\n\n<p><strong>C\u00f3rdoba, Argentina, 1962<\/strong><\/p>\n\n\n<p>Jorge Pepi-Alos curs\u00f3 estudios de m\u00fasica en C\u00f3rdoba hasta 1980, cuando obtuvo una beca para la Academia Menuhin de Gstaad, Suiza. Luego estudi\u00f3 piano con Edith Fischer y composici\u00f3n con Eric Gaudibert en Ginebra. Desarroll\u00f3 una carrera como pianista y compositor, actu\u00f3 en Am\u00e9rica, Europa y Asia y recibi\u00f3 numerosos premios. Tambi\u00e9n se dedic\u00f3 a la docencia. Ense\u00f1\u00f3 en el Conservatoire Neuchatelois, en Suiza, y comparti\u00f3 c\u00e1tedra de piano con Edith Fischer en Barcelona. A fines de 2006, se estableci\u00f3 en el pa\u00eds y asumi\u00f3 una c\u00e1tedra de composici\u00f3n en el Departamento de M\u00fasica de la Universidad de Chile. Con la Orquesta Usach se present\u00f3 en diversas ocasiones y grab\u00f3 dos \u00e1lbumes: <em>Cantatas del caf\u00e9<\/em> (2017) y <em>Viaje a la Luna<\/em> (2019), inspirado en el cl\u00e1sico cinematogr\u00e1fico de Georges M\u00e9li\u00e8s.<\/p>\n<p><span style=\"font-size: 10pt;\">Foto: Gary Go.<\/span><\/p>\n<\/div>\n<\/div>\n<\/div><\/div>\n","protected":false},"excerpt":{"rendered":"<p>JORGE PEPI-ALOS C\u00f3rdoba, Argentina, 1962 Jorge Pepi-Alos curs\u00f3 estudios de m\u00fasica en C\u00f3rdoba hasta 1980, cuando obtuvo una beca para la Academia Menuhin de Gstaad, Suiza. Luego estudi\u00f3 piano con Edith Fischer y composici\u00f3n con Eric Gaudibert en Ginebra. Desarroll\u00f3 una carrera como pianista y compositor, actu\u00f3 en Am\u00e9rica, Europa y Asia y recibi\u00f3 numerosos [&hellip;]<\/p>\n","protected":false},"author":1,"featured_media":357,"parent":122,"menu_order":0,"comment_status":"closed","ping_status":"closed","template":"","meta":{"footnotes":""},"class_list":["post-356","page","type-page","status-publish","has-post-thumbnail","hentry"],"_links":{"self":[{"href":"https:\/\/www.aularecords.cl\/wp-json\/wp\/v2\/pages\/356","targetHints":{"allow":["GET"]}}],"collection":[{"href":"https:\/\/www.aularecords.cl\/wp-json\/wp\/v2\/pages"}],"about":[{"href":"https:\/\/www.aularecords.cl\/wp-json\/wp\/v2\/types\/page"}],"author":[{"embeddable":true,"href":"https:\/\/www.aularecords.cl\/wp-json\/wp\/v2\/users\/1"}],"replies":[{"embeddable":true,"href":"https:\/\/www.aularecords.cl\/wp-json\/wp\/v2\/comments?post=356"}],"version-history":[{"count":0,"href":"https:\/\/www.aularecords.cl\/wp-json\/wp\/v2\/pages\/356\/revisions"}],"up":[{"embeddable":true,"href":"https:\/\/www.aularecords.cl\/wp-json\/wp\/v2\/pages\/122"}],"wp:featuredmedia":[{"embeddable":true,"href":"https:\/\/www.aularecords.cl\/wp-json\/wp\/v2\/media\/357"}],"wp:attachment":[{"href":"https:\/\/www.aularecords.cl\/wp-json\/wp\/v2\/media?parent=356"}],"curies":[{"name":"wp","href":"https:\/\/api.w.org\/{rel}","templated":true}]}}